{"id":948,"date":"2025-11-16T16:05:50","date_gmt":"2025-11-16T16:05:50","guid":{"rendered":"http:\/\/rfprmrm.cluster100.hosting.ovh.net\/?page_id=948"},"modified":"2026-03-15T21:13:56","modified_gmt":"2026-03-15T21:13:56","slug":"lappartement-entier","status":"publish","type":"page","link":"https:\/\/chezpepemerle.fr\/en\/lappartement-entier\/","title":{"rendered":"L&rsquo;appartement entier"},"content":{"rendered":"<div data-elementor-type=\"wp-page\" data-elementor-id=\"948\" class=\"elementor elementor-948\">\n\t\t\t\t<div class=\"elementor-element elementor-element-5944db6e e-flex e-con-boxed e-con e-parent\" data-id=\"5944db6e\" data-element_type=\"container\">\n\t\t\t\t\t<div class=\"e-con-inner\">\n\t\t<div class=\"elementor-element elementor-element-6849339b e-con-full e-flex e-con e-child\" data-id=\"6849339b\" data-element_type=\"container\">\n\t\t\t\t<div class=\"elementor-element elementor-element-78eb033f elementor-widget elementor-widget-heading\" data-id=\"78eb033f\" data-element_type=\"widget\" data-widget_type=\"heading.default\">\n\t\t\t\t\t<h2 class=\"elementor-heading-title elementor-size-default\">L'appartement de P\u00e9p\u00e9<\/h2>\t\t\t\t<\/div>\n\t\t\t\t<\/div>\n\t\t\t\t\t<\/div>\n\t\t\t\t<\/div>\n\t\t<div class=\"elementor-element elementor-element-696d500e e-flex e-con-boxed e-con e-parent\" data-id=\"696d500e\" data-element_type=\"container\">\n\t\t\t\t\t<div class=\"e-con-inner\">\n\t\t\t\t<div class=\"elementor-element elementor-element-7f5095b2 elementor-arrows-position-inside elementor-widget elementor-widget-image-carousel\" data-id=\"7f5095b2\" data-element_type=\"widget\" data-settings=\"{&quot;slides_to_show&quot;:&quot;1&quot;,&quot;navigation&quot;:&quot;arrows&quot;,&quot;autoplay_speed&quot;:4000,&quot;autoplay&quot;:&quot;yes&quot;,&quot;pause_on_hover&quot;:&quot;yes&quot;,&quot;pause_on_interaction&quot;:&quot;yes&quot;,&quot;infinite&quot;:&quot;yes&quot;,&quot;effect&quot;:&quot;slide&quot;,&quot;speed&quot;:500}\" data-widget_type=\"image-carousel.default\">\n\t\t\t\t\t\t\t<div class=\"elementor-image-carousel-wrapper swiper\" role=\"region\" aria-roledescription=\"carousel\" aria-label=\"Image Carousel\" dir=\"ltr\">\n\t\t\t<div class=\"elementor-image-carousel swiper-wrapper\" aria-live=\"off\">\n\t\t\t\t\t\t\t\t<div class=\"swiper-slide\" role=\"group\" aria-roledescription=\"slide\" aria-label=\"1 sur 15\" data-no-translation-aria-label=\"\"><figure class=\"swiper-slide-inner\"><img decoding=\"async\" class=\"swiper-slide-image\" src=\"https:\/\/chezpepemerle.fr\/wp-content\/uploads\/elementor\/thumbs\/P1372936-scaled-rk0f60tjrtyd6yhmfmllj58szmkybf786vf1896ws0.jpg\" alt=\"P1372936\" \/><\/figure><\/div><div class=\"swiper-slide\" role=\"group\" aria-roledescription=\"slide\" aria-label=\"2 sur 15\" data-no-translation-aria-label=\"\"><figure class=\"swiper-slide-inner\"><img decoding=\"async\" class=\"swiper-slide-image\" src=\"https:\/\/chezpepemerle.fr\/wp-content\/uploads\/elementor\/thumbs\/P1373107-1-scaled-resssvccdg574ntif3zuai7urf8ge95tipl8haq3xs.jpg\" alt=\"P1373107\" \/><\/figure><\/div><div class=\"swiper-slide\" role=\"group\" aria-roledescription=\"slide\" aria-label=\"3 sur 15\" data-no-translation-aria-label=\"\"><figure class=\"swiper-slide-inner\"><img decoding=\"async\" class=\"swiper-slide-image\" src=\"https:\/\/chezpepemerle.fr\/wp-content\/uploads\/elementor\/thumbs\/P1372983-scaled-ressbi9o4mdinz1gt3sxqdybq6td7j8bgrrccagwvk.jpg\" alt=\"P1372983\" \/><\/figure><\/div><div class=\"swiper-slide\" role=\"group\" aria-roledescription=\"slide\" aria-label=\"4 sur 15\" data-no-translation-aria-label=\"\"><figure class=\"swiper-slide-inner\"><img decoding=\"async\" class=\"swiper-slide-image\" src=\"https:\/\/chezpepemerle.fr\/wp-content\/uploads\/elementor\/thumbs\/P1373173-2-scaled-resst5okgmjcodehqqgqjxlxanthqxav84rkrcas1c.jpg\" alt=\"P1373173\" \/><\/figure><\/div><div class=\"swiper-slide\" role=\"group\" aria-roledescription=\"slide\" aria-label=\"5 sur 15\" data-no-translation-aria-label=\"\"><figure class=\"swiper-slide-inner\"><img decoding=\"async\" class=\"swiper-slide-image\" src=\"https:\/\/chezpepemerle.fr\/wp-content\/uploads\/elementor\/thumbs\/P1373374-scaled-riv3k74dgeszysep5ox7o9lveukh588781rzqxzcs0.jpg\" alt=\"P1373374\" \/><\/figure><\/div><div class=\"swiper-slide\" role=\"group\" aria-roledescription=\"slide\" aria-label=\"6 sur 15\" data-no-translation-aria-label=\"\"><figure class=\"swiper-slide-inner\"><img decoding=\"async\" class=\"swiper-slide-image\" src=\"https:\/\/chezpepemerle.fr\/wp-content\/uploads\/elementor\/thumbs\/P1373118-scaled-ress61teg8wl9gyto8vwr9izknpniskf1rev1gk700.jpg\" alt=\"P1373118\" \/><\/figure><\/div><div class=\"swiper-slide\" role=\"group\" aria-roledescription=\"slide\" aria-label=\"7 sur 15\" data-no-translation-aria-label=\"\"><figure class=\"swiper-slide-inner\"><img decoding=\"async\" class=\"swiper-slide-image\" src=\"https:\/\/chezpepemerle.fr\/wp-content\/uploads\/elementor\/thumbs\/P1372994-scaled-ressssitsy1c5txlvkryl0xgz9mcr5umibms1guagg.jpg\" alt=\"P1372994\" \/><\/figure><\/div><div class=\"swiper-slide\" role=\"group\" aria-roledescription=\"slide\" aria-label=\"8 sur 15\" data-no-translation-aria-label=\"\"><figure class=\"swiper-slide-inner\"><img decoding=\"async\" class=\"swiper-slide-image\" src=\"https:\/\/chezpepemerle.fr\/wp-content\/uploads\/elementor\/thumbs\/P1373290-scaled-rgtx6tu2azlhiyz7s7u7ina0qpw0vng2mnk4c8alps.jpg\" alt=\"P1373290\" \/><\/figure><\/div><div class=\"swiper-slide\" role=\"group\" aria-roledescription=\"slide\" aria-label=\"9 sur 15\" data-no-translation-aria-label=\"\"><figure class=\"swiper-slide-inner\"><img decoding=\"async\" class=\"swiper-slide-image\" src=\"https:\/\/chezpepemerle.fr\/wp-content\/uploads\/elementor\/thumbs\/P1373114-scaled-resshwk4n14rofqygdcj79u99laaldmk0flax2zgj4.jpg\" alt=\"P1373114\" \/><\/figure><\/div><div class=\"swiper-slide\" role=\"group\" aria-roledescription=\"slide\" aria-label=\"10 sur 15\" data-no-translation-aria-label=\"\"><figure class=\"swiper-slide-inner\"><img decoding=\"async\" class=\"swiper-slide-image\" src=\"https:\/\/chezpepemerle.fr\/wp-content\/uploads\/elementor\/thumbs\/P1373134-scaled-resssppb8fxh701pc1k2vjn3740942jfhxoblmygz4.jpg\" alt=\"P1373134\" \/><\/figure><\/div><div class=\"swiper-slide\" role=\"group\" aria-roledescription=\"slide\" aria-label=\"11 sur 15\" data-no-translation-aria-label=\"\"><figure class=\"swiper-slide-inner\"><img decoding=\"async\" class=\"swiper-slide-image\" src=\"https:\/\/chezpepemerle.fr\/wp-content\/uploads\/elementor\/thumbs\/P1372940-scaled-ress65kr7l1qjwtd2aif18kty774dkzcea0sykemb4.jpg\" alt=\"P1372940\" \/><\/figure><\/div><div class=\"swiper-slide\" role=\"group\" aria-roledescription=\"slide\" aria-label=\"12 sur 15\" data-no-translation-aria-label=\"\"><figure class=\"swiper-slide-inner\"><img decoding=\"async\" class=\"swiper-slide-image\" src=\"https:\/\/chezpepemerle.fr\/wp-content\/uploads\/elementor\/thumbs\/P1373125-1-scaled-resshyft0p7cbno85e5sc9d6gd110ru0oow9vmwo6o.jpg\" alt=\"P1373125 (1)\" \/><\/figure><\/div><div class=\"swiper-slide\" role=\"group\" aria-roledescription=\"slide\" aria-label=\"13 sur 15\" data-no-translation-aria-label=\"\"><figure class=\"swiper-slide-inner\"><img decoding=\"async\" class=\"swiper-slide-image\" src=\"https:\/\/chezpepemerle.fr\/wp-content\/uploads\/elementor\/thumbs\/P1372919-scaled-resss9q209blpmowxcnf75o93k70h7rzrql2fxm5ww.jpg\" alt=\"P1372919\" \/><\/figure><\/div><div class=\"swiper-slide\" role=\"group\" aria-roledescription=\"slide\" aria-label=\"14 sur 15\" data-no-translation-aria-label=\"\"><figure class=\"swiper-slide-inner\"><img decoding=\"async\" class=\"swiper-slide-image\" src=\"https:\/\/chezpepemerle.fr\/wp-content\/uploads\/elementor\/thumbs\/P1372977-scaled-ressbpsdnant8uqjl71yac20h9sax4265sz86i5rhs.jpg\" alt=\"P1372977\" \/><\/figure><\/div><div class=\"swiper-slide\" role=\"group\" aria-roledescription=\"slide\" aria-label=\"15 sur 15\" data-no-translation-aria-label=\"\"><figure class=\"swiper-slide-inner\"><img decoding=\"async\" class=\"swiper-slide-image\" src=\"https:\/\/chezpepemerle.fr\/wp-content\/uploads\/elementor\/thumbs\/P1373132-1-scaled-resssh8rixlwaidzpfwfr3rxun5y6slugrsya5b0j4.jpg\" alt=\"P1373132\" \/><\/figure><\/div>\t\t\t<\/div>\n\t\t\t\t\t\t\t\t\t\t\t\t<div class=\"elementor-swiper-button elementor-swiper-button-prev\" role=\"button\" tabindex=\"0\">\n\t\t\t\t\t\t<svg aria-hidden=\"true\" class=\"e-font-icon-svg e-eicon-chevron-left\" viewbox=\"0 0 1000 1000\" xmlns=\"http:\/\/www.w3.org\/2000\/svg\"><path d=\"M646 125C629 125 613 133 604 142L308 442C296 454 292 471 292 487 292 504 296 521 308 533L604 854C617 867 629 875 646 875 663 875 679 871 692 858 704 846 713 829 713 812 713 796 708 779 692 767L438 487 692 225C700 217 708 204 708 187 708 171 704 154 692 142 675 129 663 125 646 125Z\"><\/path><\/svg>\t\t\t\t\t<\/div>\n\t\t\t\t\t<div class=\"elementor-swiper-button elementor-swiper-button-next\" role=\"button\" tabindex=\"0\">\n\t\t\t\t\t\t<svg aria-hidden=\"true\" class=\"e-font-icon-svg e-eicon-chevron-right\" viewbox=\"0 0 1000 1000\" xmlns=\"http:\/\/www.w3.org\/2000\/svg\"><path d=\"M696 533C708 521 713 504 713 487 713 471 708 454 696 446L400 146C388 133 375 125 354 125 338 125 325 129 313 142 300 154 292 171 292 187 292 204 296 221 308 233L563 492 304 771C292 783 288 800 288 817 288 833 296 850 308 863 321 871 338 875 354 875 371 875 388 867 400 854L696 533Z\"><\/path><\/svg>\t\t\t\t\t<\/div>\n\t\t\t\t\n\t\t\t\t\t\t\t\t\t<\/div>\n\t\t\t\t\t\t<\/div>\n\t\t\t\t\t<\/div>\n\t\t\t\t<\/div>\n\t\t<div class=\"elementor-element elementor-element-10d7846f e-flex e-con-boxed e-con e-parent\" data-id=\"10d7846f\" data-element_type=\"container\">\n\t\t\t\t\t<div class=\"e-con-inner\">\n\t\t<div class=\"elementor-element elementor-element-71a8fc6 e-con-full e-flex e-con e-child\" data-id=\"71a8fc6\" data-element_type=\"container\">\n\t\t\t\t<div class=\"elementor-element elementor-element-3fdebc3a elementor-widget elementor-widget-cta\" data-id=\"3fdebc3a\" data-element_type=\"widget\" data-settings=\"{&quot;cta_position&quot;:&quot;column&quot;,&quot;primary_button_shape&quot;:&quot;sharp&quot;,&quot;layout_preset&quot;:&quot;streamline&quot;,&quot;content_alignment&quot;:&quot;start&quot;,&quot;content_alignment_tablet&quot;:&quot;center&quot;,&quot;content_alignment_mobile&quot;:&quot;center&quot;,&quot;cta_width&quot;:&quot;default&quot;,&quot;box_shape&quot;:&quot;sharp&quot;}\" data-widget_type=\"cta.default\">\n\t\t\t\t<div class=\"elementor-widget-container\">\n\t\t\t\t\t\t\t<div class=\"has-shape-sharp shape-type-box ehp-cta has-preset-streamline\">\n\t\t\t<div class=\"ehp-cta__overlay\"><\/div>\n\t\t\t<div class=\"ehp-cta__elements-container\">\n\t\t\t\t\t\t<div class=\"ehp-cta__text-container\">\n\t\t\t<h2 class=\"ehp-cta__heading\">The Essence of a Guest House<\/h2><p class=\"ehp-cta__description\">\nChez P\u00e9p\u00e9 Merle is not an impersonal holiday rental, and even less a soulless hotel. It is a genuine guest house in the heart of Paris. I welcome you with simplicity and warmth in my family apartment, inherited from P\u00e9p\u00e9 Merle, to help you discover Paris in a different way. Here is a glimpse of the services and thoughtful touches available to you.<\/p>\t\t<\/div>\n\t\t\t\t\t<div class=\"ehp-cta__ctas-container has-cta-width-default\">\n\t\t\t\t<div class=\"ehp-cta__buttons-wrapper\">\n\t\t\t\t\t\t\t\t\t\t\t\t\t\t<\/div>\n\t\t\t<\/div>\n\t\t\t\t\t<\/div>\n\t\t<\/div>\n\t\t\t\t\t\t<\/div>\n\t\t\t\t<\/div>\n\t\t\t\t<div class=\"elementor-element elementor-element-08ab660 elementor-widget elementor-widget-button\" data-id=\"08ab660\" data-element_type=\"widget\" data-widget_type=\"button.default\">\n\t\t\t\t\t\t\t\t\t\t<a class=\"elementor-button elementor-button-link elementor-size-sm\" href=\"https:\/\/v3.manava.app\/api\/SbW36P7P07ssu3iJh\/reserver-booking?secure_key=055a8f70c49ac61ba07d394c543116e8&#038;_x=WXMe-If7yAqH1sa6zCMD-h-3DzMA7cRCl-KHwL4akKc\">\n\t\t\t\t\t\t<span class=\"elementor-button-content-wrapper\">\n\t\t\t\t\t\t\t\t\t<span class=\"elementor-button-text\">Book<\/span>\n\t\t\t\t\t<\/span>\n\t\t\t\t\t<\/a>\n\t\t\t\t\t\t\t\t<\/div>\n\t\t\t\t<div class=\"elementor-element elementor-element-32f6bab0 elementor-widget elementor-widget-n-accordion\" data-id=\"32f6bab0\" data-element_type=\"widget\" data-settings=\"{&quot;default_state&quot;:&quot;all_collapsed&quot;,&quot;max_items_expended&quot;:&quot;one&quot;,&quot;n_accordion_animation_duration&quot;:{&quot;unit&quot;:&quot;ms&quot;,&quot;size&quot;:400,&quot;sizes&quot;:[]}}\" data-widget_type=\"nested-accordion.default\">\n\t\t\t\t\t\t\t<div class=\"e-n-accordion\" aria-label=\"Accordion. Open links with Enter or Space, close with Escape, and navigate with Arrow Keys\">\n\t\t\t\t\t\t<details id=\"e-n-accordion-item-8550\" class=\"e-n-accordion-item\" >\n\t\t\t\t<summary class=\"e-n-accordion-item-title\" data-accordion-index=\"1\" tabindex=\"0\" aria-expanded=\"false\" aria-controls=\"e-n-accordion-item-8550\" >\n\t\t\t\t\t<span class='e-n-accordion-item-title-header'><div class=\"e-n-accordion-item-title-text\"> LEARN MORE <\/div><\/span>\n\t\t\t\t\t\t\t<span class='e-n-accordion-item-title-icon'>\n\t\t\t<span class='e-opened' ><svg aria-hidden=\"true\" class=\"e-font-icon-svg e-fas-minus\" viewbox=\"0 0 448 512\" xmlns=\"http:\/\/www.w3.org\/2000\/svg\"><path d=\"M416 208H32c-17.67 0-32 14.33-32 32v32c0 17.67 14.33 32 32 32h384c17.67 0 32-14.33 32-32v-32c0-17.67-14.33-32-32-32z\"><\/path><\/svg><\/span>\n\t\t\t<span class='e-closed'><svg aria-hidden=\"true\" class=\"e-font-icon-svg e-fas-plus\" viewbox=\"0 0 448 512\" xmlns=\"http:\/\/www.w3.org\/2000\/svg\"><path d=\"M416 208H272V64c0-17.67-14.33-32-32-32h-32c-17.67 0-32 14.33-32 32v144H32c-17.67 0-32 14.33-32 32v32c0 17.67 14.33 32 32 32h144v144c0 17.67 14.33 32 32 32h32c17.67 0 32-14.33 32-32V304h144c17.67 0 32-14.33 32-32v-32c0-17.67-14.33-32-32-32z\"><\/path><\/svg><\/span>\n\t\t<\/span>\n\n\t\t\t\t\t\t<\/summary>\n\t\t\t\t<div role=\"region\" aria-labelledby=\"e-n-accordion-item-8550\" class=\"elementor-element elementor-element-517ac6ae e-flex e-con-boxed e-con e-child\" data-id=\"517ac6ae\" data-element_type=\"container\">\n\t\t\t\t\t<div class=\"e-con-inner\">\n\t\t\t\t<div class=\"elementor-element elementor-element-29f03d7e elementor-widget elementor-widget-text-editor\" data-id=\"29f03d7e\" data-element_type=\"widget\" data-widget_type=\"text-editor.default\">\n\t\t\t\t\t\t\t\t\t<div class=\"card\"><p><!-- \u00c9QUIPEMENTS (conserv\u00e9s) --><\/p><div class=\"section-title\">Equipment<\/div><ul style=\"list-style: none; padding-left: 0;\"><li><i class=\"fa-solid fa-bed\"><\/i> 3 double beds (160\u00d7200 cm)<\/li><li><i class=\"fa-solid fa-bed\"><\/i> 2 single beds (90\u00d7200 cm) - Grand Palais for 2 people<\/li><li><i class=\"fa-solid fa-baby\"><\/i> Optional cot or extra bed (80\u00d7190 cm)<\/li><li><i class=\"fa-solid fa-bath\"><\/i> 3 bathrooms and 3 toilets<\/li><li><i class=\"fa-solid fa-utensils\"><\/i> 1 kitchenette (fridge, microwave and sink)<\/li><li><i class=\"fa-solid fa-couch\"><\/i> 1 breakfast room<\/li><li>See the description of each room for details of facilities.<\/li><\/ul><hr style=\"margin: 20px 0; border: 0; border-top: 1px solid #b08b6a;\" \/><p><!-- INFORMATIONS PRATIQUES --><\/p><div class=\"section-title\" style=\"color: #b08b6a;\">Practical information<\/div><div class=\"info\"><ul><li><i class=\"fa-solid fa-door-open\"><\/i> Check-in between 5 p.m. and 8 p.m.<\/li><li><i class=\"fa-solid fa-door-closed\"><\/i> Check-out until 11am<\/li><li><i class=\"fa-solid fa-exclamation-circle\"><\/i> In the event of early or late arrival, please let us know. An additional charge of \u20ac18 will apply.<\/li><\/ul><\/div><hr style=\"margin: 20px 0; border: 0; border-top: 1px solid #b08b6a;\" \/><p><!-- PETIT-D\u00c9JEUNER --><\/p><div class=\"section-title\">Gourmet breakfast included<\/div><p>Each morning, enjoy a homemade breakfast made with fresh, locally sourced products.<br \/><strong>Served from 9:00 am to 10:00 am.<\/strong><br \/>If you have any food allergies, please inform us in advance.<\/p><p><!-- CONFORT --><\/p><div class=\"section-title\">Your comfort comes first<\/div><ul><li><i class=\"fa-solid fa-star\"><\/i> Ideal accommodation for groups and families<\/li><li><i class=\"fa-solid fa-bath\"><\/i> Private bathrooms with towels and toiletries<\/li><li><i class=\"fa-solid fa-wifi\"><\/i> Free unlimited Wi-Fi<\/li><li><i class=\"fa-solid fa-utensils\"><\/i>Kitchenette area (no cooking facilities)<\/li><\/ul><p><!-- PETITS PLUS --><\/p><div class=\"section-title\">The small extras that make all the difference<\/div><ul><li><i class=\"fa-solid fa-child\"><\/i> <strong>For kids:<\/strong> Baby cot or extra bed available on request<\/li><li><i class=\"fa-solid fa-heart\"><\/i> <strong>For groups:<\/strong> Shared spaces for enjoyable moments together<\/li><\/ul><p><a class=\"btn-livret\" href=\"https:\/\/chezpepemerle.driing.co\/dl\/accueil\" target=\"_blank\" rel=\"noopener\">Open Booklet<\/a><\/p><\/div>\t\t\t\t\t\t\t\t<\/div>\n\t\t\t\t\t<\/div>\n\t\t\t\t<\/div>\n\t\t\t\t\t<\/details>\n\t\t\t\t\t<\/div>\n\t\t\t\t\t\t<\/div>\n\t\t\t\t<\/div>\n\t\t<div class=\"elementor-element elementor-element-5c707c5e e-con-full e-flex e-con e-child\" data-id=\"5c707c5e\" data-element_type=\"container\">\n\t\t\t\t<div class=\"elementor-element elementor-element-70fb665f animated-slow elementor-widget-mobile__width-initial elementor-invisible elementor-widget elementor-widget-image\" data-id=\"70fb665f\" data-element_type=\"widget\" data-settings=\"{&quot;_animation&quot;:&quot;fadeInUp&quot;}\" data-widget_type=\"image.default\">\n\t\t\t\t\t\t\t\t\t\t\t\t\t\t\t<img fetchpriority=\"high\" decoding=\"async\" width=\"1707\" height=\"2560\" src=\"https:\/\/chezpepemerle.fr\/wp-content\/uploads\/2026\/01\/I5A0460-1-scaled.jpg\" class=\"attachment-full size-full wp-image-1748\" alt=\"\" srcset=\"https:\/\/chezpepemerle.fr\/wp-content\/uploads\/2026\/01\/I5A0460-1-scaled.jpg 1707w, https:\/\/chezpepemerle.fr\/wp-content\/uploads\/2026\/01\/I5A0460-1-200x300.jpg 200w, https:\/\/chezpepemerle.fr\/wp-content\/uploads\/2026\/01\/I5A0460-1-683x1024.jpg 683w, https:\/\/chezpepemerle.fr\/wp-content\/uploads\/2026\/01\/I5A0460-1-768x1152.jpg 768w, https:\/\/chezpepemerle.fr\/wp-content\/uploads\/2026\/01\/I5A0460-1-1024x1536.jpg 1024w, https:\/\/chezpepemerle.fr\/wp-content\/uploads\/2026\/01\/I5A0460-1-1365x2048.jpg 1365w, https:\/\/chezpepemerle.fr\/wp-content\/uploads\/2026\/01\/I5A0460-1-8x12.jpg 8w\" sizes=\"(max-width: 1707px) 100vw, 1707px\" \/>\t\t\t\t\t\t\t\t\t\t\t\t\t\t\t<\/div>\n\t\t\t\t<div class=\"elementor-element elementor-element-5096d557 elementor-widget-mobile__width-initial elementor-invisible elementor-widget elementor-widget-image\" data-id=\"5096d557\" data-element_type=\"widget\" data-settings=\"{&quot;_animation&quot;:&quot;fadeInRight&quot;}\" data-widget_type=\"image.default\">\n\t\t\t\t\t\t\t\t\t\t\t\t\t\t\t<img decoding=\"async\" width=\"1920\" height=\"2560\" src=\"https:\/\/chezpepemerle.fr\/wp-content\/uploads\/2026\/02\/P1373458-scaled.jpg\" class=\"attachment-full size-full wp-image-1923\" alt=\"\" srcset=\"https:\/\/chezpepemerle.fr\/wp-content\/uploads\/2026\/02\/P1373458-scaled.jpg 1920w, https:\/\/chezpepemerle.fr\/wp-content\/uploads\/2026\/02\/P1373458-225x300.jpg 225w, https:\/\/chezpepemerle.fr\/wp-content\/uploads\/2026\/02\/P1373458-768x1024.jpg 768w, https:\/\/chezpepemerle.fr\/wp-content\/uploads\/2026\/02\/P1373458-1152x1536.jpg 1152w, https:\/\/chezpepemerle.fr\/wp-content\/uploads\/2026\/02\/P1373458-1536x2048.jpg 1536w, https:\/\/chezpepemerle.fr\/wp-content\/uploads\/2026\/02\/P1373458-9x12.jpg 9w\" sizes=\"(max-width: 1920px) 100vw, 1920px\" \/>\t\t\t\t\t\t\t\t\t\t\t\t\t\t\t<\/div>\n\t\t\t\t<\/div>\n\t\t\t\t\t<\/div>\n\t\t\t\t<\/div>\n\t\t\t\t<\/div>","protected":false},"excerpt":{"rendered":"<p>L&rsquo;appartement de P\u00e9p\u00e9 L\u2019Esprit Maison d\u2019h\u00f4tes Chez P\u00e9p\u00e9 Merle n\u2019est pas un meubl\u00e9 touristique impersonnel et encore moins un h\u00f4tel sans \u00e2me, c\u2019est une v\u00e9ritable maison d\u2019h\u00f4tes au c\u0153ur de Paris. Je vous re\u00e7ois avec simplicit\u00e9 et convivialit\u00e9, dans mon appartement familial h\u00e9rit\u00e9 de P\u00e9p\u00e9 Merle pour vous faire d\u00e9couvrir Paris autrement. Voici un aper\u00e7u [&hellip;]<\/p>","protected":false},"author":1,"featured_media":0,"parent":0,"menu_order":0,"comment_status":"closed","ping_status":"closed","template":"elementor_header_footer","meta":{"footnotes":""},"class_list":["post-948","page","type-page","status-publish","hentry"],"_links":{"self":[{"href":"https:\/\/chezpepemerle.fr\/en\/wp-json\/wp\/v2\/pages\/948","targetHints":{"allow":["GET"]}}],"collection":[{"href":"https:\/\/chezpepemerle.fr\/en\/wp-json\/wp\/v2\/pages"}],"about":[{"href":"https:\/\/chezpepemerle.fr\/en\/wp-json\/wp\/v2\/types\/page"}],"author":[{"embeddable":true,"href":"https:\/\/chezpepemerle.fr\/en\/wp-json\/wp\/v2\/users\/1"}],"replies":[{"embeddable":true,"href":"https:\/\/chezpepemerle.fr\/en\/wp-json\/wp\/v2\/comments?post=948"}],"version-history":[{"count":73,"href":"https:\/\/chezpepemerle.fr\/en\/wp-json\/wp\/v2\/pages\/948\/revisions"}],"predecessor-version":[{"id":2642,"href":"https:\/\/chezpepemerle.fr\/en\/wp-json\/wp\/v2\/pages\/948\/revisions\/2642"}],"wp:attachment":[{"href":"https:\/\/chezpepemerle.fr\/en\/wp-json\/wp\/v2\/media?parent=948"}],"curies":[{"name":"wp","href":"https:\/\/api.w.org\/{rel}","templated":true}]}}