{"id":924,"date":"2025-11-16T16:00:21","date_gmt":"2025-11-16T16:00:21","guid":{"rendered":"http:\/\/rfprmrm.cluster100.hosting.ovh.net\/?page_id=924"},"modified":"2026-03-15T21:12:00","modified_gmt":"2026-03-15T21:12:00","slug":"suite-familliale","status":"publish","type":"page","link":"https:\/\/chezpepemerle.fr\/en\/suite-familliale\/","title":{"rendered":"Suite Familliale"},"content":{"rendered":"<div data-elementor-type=\"wp-page\" data-elementor-id=\"924\" class=\"elementor elementor-924\">\n\t\t\t\t<div class=\"elementor-element elementor-element-2d82e808 e-flex e-con-boxed e-con e-parent\" data-id=\"2d82e808\" data-element_type=\"container\">\n\t\t\t\t\t<div class=\"e-con-inner\">\n\t\t<div class=\"elementor-element elementor-element-77e31842 e-con-full e-flex e-con e-child\" data-id=\"77e31842\" data-element_type=\"container\">\n\t\t\t\t<div class=\"elementor-element elementor-element-a070d6a elementor-widget elementor-widget-heading\" data-id=\"a070d6a\" data-element_type=\"widget\" data-widget_type=\"heading.default\">\n\t\t\t\t\t<h2 class=\"elementor-heading-title elementor-size-default\">Suite Famille<\/h2>\t\t\t\t<\/div>\n\t\t\t\t<\/div>\n\t\t\t\t\t<\/div>\n\t\t\t\t<\/div>\n\t\t<div class=\"elementor-element elementor-element-70411167 e-flex e-con-boxed e-con e-parent\" data-id=\"70411167\" data-element_type=\"container\">\n\t\t\t\t\t<div class=\"e-con-inner\">\n\t\t\t\t<div class=\"elementor-element elementor-element-7b8a6087 elementor-arrows-position-inside elementor-widget elementor-widget-image-carousel\" data-id=\"7b8a6087\" data-element_type=\"widget\" data-settings=\"{&quot;slides_to_show&quot;:&quot;1&quot;,&quot;navigation&quot;:&quot;arrows&quot;,&quot;autoplay&quot;:&quot;yes&quot;,&quot;pause_on_hover&quot;:&quot;yes&quot;,&quot;pause_on_interaction&quot;:&quot;yes&quot;,&quot;autoplay_speed&quot;:5000,&quot;infinite&quot;:&quot;yes&quot;,&quot;effect&quot;:&quot;slide&quot;,&quot;speed&quot;:500}\" data-widget_type=\"image-carousel.default\">\n\t\t\t\t\t\t\t<div class=\"elementor-image-carousel-wrapper swiper\" role=\"region\" aria-roledescription=\"carousel\" aria-label=\"Image Carousel\" dir=\"ltr\">\n\t\t\t<div class=\"elementor-image-carousel swiper-wrapper\" aria-live=\"off\">\n\t\t\t\t\t\t\t\t<div class=\"swiper-slide\" role=\"group\" aria-roledescription=\"slide\" aria-label=\"1 sur 9\" data-no-translation-aria-label=\"\"><figure class=\"swiper-slide-inner\"><img decoding=\"async\" class=\"swiper-slide-image\" src=\"https:\/\/chezpepemerle.fr\/wp-content\/uploads\/elementor\/thumbs\/vP76lbbr-1-scaled-rc38edmnqqfgdsek4f37fc5wdfwdo6cpqol27c76gg.jpeg\" alt=\"vP76lbbr (1)\" \/><\/figure><\/div><div class=\"swiper-slide\" role=\"group\" aria-roledescription=\"slide\" aria-label=\"2 sur 9\" data-no-translation-aria-label=\"\"><figure class=\"swiper-slide-inner\"><img decoding=\"async\" class=\"swiper-slide-image\" src=\"https:\/\/chezpepemerle.fr\/wp-content\/uploads\/elementor\/thumbs\/P1373032-scaled-ress5y21owrfz14aa79ehah57486o05hp8sx4cprow.jpg\" alt=\"P1373032\" \/><\/figure><\/div><div class=\"swiper-slide\" role=\"group\" aria-roledescription=\"slide\" aria-label=\"3 sur 9\" data-no-translation-aria-label=\"\"><figure class=\"swiper-slide-inner\"><img decoding=\"async\" class=\"swiper-slide-image\" src=\"https:\/\/chezpepemerle.fr\/wp-content\/uploads\/elementor\/thumbs\/P1373122-scaled-ress69c3yx6vucnwgc4xb7mobqol8de9qsmqvo91m8.jpg\" alt=\"P1373122\" \/><\/figure><\/div><div class=\"swiper-slide\" role=\"group\" aria-roledescription=\"slide\" aria-label=\"4 sur 9\" data-no-translation-aria-label=\"\"><figure class=\"swiper-slide-inner\"><img decoding=\"async\" class=\"swiper-slide-image\" src=\"https:\/\/chezpepemerle.fr\/wp-content\/uploads\/elementor\/thumbs\/P1373114-1-scaled-resssx80r47rrvqs44t3fhqry6z6tnda6yw7funblc.jpg\" alt=\"P1373114\" \/><\/figure><\/div><div class=\"swiper-slide\" role=\"group\" aria-roledescription=\"slide\" aria-label=\"5 sur 9\" data-no-translation-aria-label=\"\"><figure class=\"swiper-slide-inner\"><img decoding=\"async\" class=\"swiper-slide-image\" src=\"https:\/\/chezpepemerle.fr\/wp-content\/uploads\/elementor\/thumbs\/20210622_171407-scaled-rejokp1cmmow29h1l05jbrylrdnozarjy2nrhsooz4.jpg\" alt=\"20210622_171407\" \/><\/figure><\/div><div class=\"swiper-slide\" role=\"group\" aria-roledescription=\"slide\" aria-label=\"6 sur 9\" data-no-translation-aria-label=\"\"><figure class=\"swiper-slide-inner\"><img decoding=\"async\" class=\"swiper-slide-image\" src=\"https:\/\/chezpepemerle.fr\/wp-content\/uploads\/elementor\/thumbs\/P1372994-scaled-ressssitsy1c5txlvkryl0xgz9mcr5umibms1guagg.jpg\" alt=\"P1372994\" \/><\/figure><\/div><div class=\"swiper-slide\" role=\"group\" aria-roledescription=\"slide\" aria-label=\"7 sur 9\" data-no-translation-aria-label=\"\"><figure class=\"swiper-slide-inner\"><img decoding=\"async\" class=\"swiper-slide-image\" src=\"https:\/\/chezpepemerle.fr\/wp-content\/uploads\/elementor\/thumbs\/P1373132-scaled-resshuog9d2717torcja2abc2tjk5zf3c6abyj28vk.jpg\" alt=\"P1373132\" \/><\/figure><\/div><div class=\"swiper-slide\" role=\"group\" aria-roledescription=\"slide\" aria-label=\"8 sur 9\" data-no-translation-aria-label=\"\"><figure class=\"swiper-slide-inner\"><img decoding=\"async\" class=\"swiper-slide-image\" src=\"https:\/\/chezpepemerle.fr\/wp-content\/uploads\/elementor\/thumbs\/Saint-michel-scaled-rc389f1bo7mz3vlz39w39l8bi8cn1onpq4mt0rjzao.jpeg\" alt=\"Saint michel\" \/><\/figure><\/div><div class=\"swiper-slide\" role=\"group\" aria-roledescription=\"slide\" aria-label=\"9 sur 9\" data-no-translation-aria-label=\"\"><figure class=\"swiper-slide-inner\"><img decoding=\"async\" class=\"swiper-slide-image\" src=\"https:\/\/chezpepemerle.fr\/wp-content\/uploads\/elementor\/thumbs\/P1373008-scaled-resshruxouyc2dxs7tbect0yanxgiw3wbsbvip6fe8.jpg\" alt=\"P1373008\" \/><\/figure><\/div>\t\t\t<\/div>\n\t\t\t\t\t\t\t\t\t\t\t\t<div class=\"elementor-swiper-button elementor-swiper-button-prev\" role=\"button\" tabindex=\"0\">\n\t\t\t\t\t\t<svg aria-hidden=\"true\" class=\"e-font-icon-svg e-eicon-chevron-left\" viewbox=\"0 0 1000 1000\" xmlns=\"http:\/\/www.w3.org\/2000\/svg\"><path d=\"M646 125C629 125 613 133 604 142L308 442C296 454 292 471 292 487 292 504 296 521 308 533L604 854C617 867 629 875 646 875 663 875 679 871 692 858 704 846 713 829 713 812 713 796 708 779 692 767L438 487 692 225C700 217 708 204 708 187 708 171 704 154 692 142 675 129 663 125 646 125Z\"><\/path><\/svg>\t\t\t\t\t<\/div>\n\t\t\t\t\t<div class=\"elementor-swiper-button elementor-swiper-button-next\" role=\"button\" tabindex=\"0\">\n\t\t\t\t\t\t<svg aria-hidden=\"true\" class=\"e-font-icon-svg e-eicon-chevron-right\" viewbox=\"0 0 1000 1000\" xmlns=\"http:\/\/www.w3.org\/2000\/svg\"><path d=\"M696 533C708 521 713 504 713 487 713 471 708 454 696 446L400 146C388 133 375 125 354 125 338 125 325 129 313 142 300 154 292 171 292 187 292 204 296 221 308 233L563 492 304 771C292 783 288 800 288 817 288 833 296 850 308 863 321 871 338 875 354 875 371 875 388 867 400 854L696 533Z\"><\/path><\/svg>\t\t\t\t\t<\/div>\n\t\t\t\t\n\t\t\t\t\t\t\t\t\t<\/div>\n\t\t\t\t\t\t<\/div>\n\t\t\t\t\t<\/div>\n\t\t\t\t<\/div>\n\t\t<div class=\"elementor-element elementor-element-2f0ffffd e-flex e-con-boxed e-con e-parent\" data-id=\"2f0ffffd\" data-element_type=\"container\">\n\t\t\t\t\t<div class=\"e-con-inner\">\n\t\t<div class=\"elementor-element elementor-element-733d8ae5 e-con-full e-flex e-con e-child\" data-id=\"733d8ae5\" data-element_type=\"container\">\n\t\t\t\t<div class=\"elementor-element elementor-element-1809c0f0 elementor-widget elementor-widget-cta\" data-id=\"1809c0f0\" data-element_type=\"widget\" data-settings=\"{&quot;cta_position&quot;:&quot;column&quot;,&quot;primary_button_shape&quot;:&quot;sharp&quot;,&quot;layout_preset&quot;:&quot;streamline&quot;,&quot;content_alignment&quot;:&quot;start&quot;,&quot;content_alignment_tablet&quot;:&quot;center&quot;,&quot;content_alignment_mobile&quot;:&quot;center&quot;,&quot;cta_width&quot;:&quot;default&quot;,&quot;box_shape&quot;:&quot;sharp&quot;}\" data-widget_type=\"cta.default\">\n\t\t\t\t<div class=\"elementor-widget-container\">\n\t\t\t\t\t\t\t<div class=\"has-shape-sharp shape-type-box ehp-cta has-preset-streamline\">\n\t\t\t<div class=\"ehp-cta__overlay\"><\/div>\n\t\t\t<div class=\"ehp-cta__elements-container\">\n\t\t\t\t\t\t<div class=\"ehp-cta__text-container\">\n\t\t\t<h2 class=\"ehp-cta__heading\">The Essence of a Guest House<\/h2><p class=\"ehp-cta__description\">\nChez P\u00e9p\u00e9 Merle is not an impersonal holiday rental, and even less a soulless hotel. It is a genuine guest house in the heart of Paris. I welcome you with simplicity and warmth in my family apartment, inherited from P\u00e9p\u00e9 Merle, to help you discover Paris in a different way. Here is a glimpse of the services and thoughtful touches available to you.<\/p>\t\t<\/div>\n\t\t\t\t\t<div class=\"ehp-cta__ctas-container has-cta-width-default\">\n\t\t\t\t<div class=\"ehp-cta__buttons-wrapper\">\n\t\t\t\t\t\t\t\t\t\t\t\t\t\t<\/div>\n\t\t\t<\/div>\n\t\t\t\t\t<\/div>\n\t\t<\/div>\n\t\t\t\t\t\t<\/div>\n\t\t\t\t<\/div>\n\t\t\t\t<div class=\"elementor-element elementor-element-8a11a4d elementor-widget elementor-widget-button\" data-id=\"8a11a4d\" data-element_type=\"widget\" data-widget_type=\"button.default\">\n\t\t\t\t\t\t\t\t\t\t<a class=\"elementor-button elementor-button-link elementor-size-sm\" href=\"https:\/\/v3.manava.app\/api\/SbW36P7P07ssu3iJh\/reserver-booking?secure_key=055a8f70c49ac61ba07d394c543116e8&#038;_x=WXMe-If7yAqH1sa6zCMD-jzdP5Qtalz2dbDwtD5jLyg\">\n\t\t\t\t\t\t<span class=\"elementor-button-content-wrapper\">\n\t\t\t\t\t\t\t\t\t<span class=\"elementor-button-text\">Book<\/span>\n\t\t\t\t\t<\/span>\n\t\t\t\t\t<\/a>\n\t\t\t\t\t\t\t\t<\/div>\n\t\t\t\t<div class=\"elementor-element elementor-element-73c39209 elementor-widget elementor-widget-n-accordion\" data-id=\"73c39209\" data-element_type=\"widget\" data-settings=\"{&quot;default_state&quot;:&quot;all_collapsed&quot;,&quot;max_items_expended&quot;:&quot;one&quot;,&quot;n_accordion_animation_duration&quot;:{&quot;unit&quot;:&quot;ms&quot;,&quot;size&quot;:400,&quot;sizes&quot;:[]}}\" data-widget_type=\"nested-accordion.default\">\n\t\t\t\t\t\t\t<div class=\"e-n-accordion\" aria-label=\"Accordion. Open links with Enter or Space, close with Escape, and navigate with Arrow Keys\">\n\t\t\t\t\t\t<details id=\"e-n-accordion-item-1940\" class=\"e-n-accordion-item\" >\n\t\t\t\t<summary class=\"e-n-accordion-item-title\" data-accordion-index=\"1\" tabindex=\"0\" aria-expanded=\"false\" aria-controls=\"e-n-accordion-item-1940\" >\n\t\t\t\t\t<span class='e-n-accordion-item-title-header'><div class=\"e-n-accordion-item-title-text\"> LEARN MORE <\/div><\/span>\n\t\t\t\t\t\t\t<span class='e-n-accordion-item-title-icon'>\n\t\t\t<span class='e-opened' ><svg aria-hidden=\"true\" class=\"e-font-icon-svg e-fas-minus\" viewbox=\"0 0 448 512\" xmlns=\"http:\/\/www.w3.org\/2000\/svg\"><path d=\"M416 208H32c-17.67 0-32 14.33-32 32v32c0 17.67 14.33 32 32 32h384c17.67 0 32-14.33 32-32v-32c0-17.67-14.33-32-32-32z\"><\/path><\/svg><\/span>\n\t\t\t<span class='e-closed'><svg aria-hidden=\"true\" class=\"e-font-icon-svg e-fas-plus\" viewbox=\"0 0 448 512\" xmlns=\"http:\/\/www.w3.org\/2000\/svg\"><path d=\"M416 208H272V64c0-17.67-14.33-32-32-32h-32c-17.67 0-32 14.33-32 32v144H32c-17.67 0-32 14.33-32 32v32c0 17.67 14.33 32 32 32h144v144c0 17.67 14.33 32 32 32h32c17.67 0 32-14.33 32-32V304h144c17.67 0 32-14.33 32-32v-32c0-17.67-14.33-32-32-32z\"><\/path><\/svg><\/span>\n\t\t<\/span>\n\n\t\t\t\t\t\t<\/summary>\n\t\t\t\t<div role=\"region\" aria-labelledby=\"e-n-accordion-item-1940\" class=\"elementor-element elementor-element-58b98863 e-flex e-con-boxed e-con e-child\" data-id=\"58b98863\" data-element_type=\"container\">\n\t\t\t\t\t<div class=\"e-con-inner\">\n\t\t\t\t<div class=\"elementor-element elementor-element-43573187 elementor-widget elementor-widget-text-editor\" data-id=\"43573187\" data-element_type=\"widget\" data-widget_type=\"text-editor.default\">\n\t\t\t\t\t\t\t\t\t<div class=\"card\"><p><!-- \u00c9QUIPEMENTS (conserv\u00e9s) --><\/p><div class=\"section-title\">Equipment<\/div><ul><li><i class=\"fa-solid fa-ruler-combined\"><\/i> Surface : 16 m\u00b2 + 12 m\u00b2<\/li><li><i class=\"fa-solid fa-bed\"><\/i> 1 double bed (160\u00d7200 cm)<\/li><li><i class=\"fa-solid fa-bed\"><\/i> 2 single beds (90\u00d7200 cm)<\/li><li><i class=\"fa-solid fa-baby\"><\/i> Optional cot or extra bed (80\u00d7190 cm)<\/li><li><i class=\"fa-solid fa-pen\"><\/i> 1 office<\/li><li><i class=\"fa-solid fa-box\"><\/i> 1 small cupboard<\/li><li><i class=\"fa-solid fa-tv\"><\/i> Chromecast TV<\/li><li><i class=\"fa-solid fa-tv\"><\/i> TV<\/li><li><i class=\"fa-solid fa-wifi\"><\/i> Wi-Fi<\/li><li><i class=\"fa-solid fa-fan\"><\/i> 2 fans<\/li><li><i class=\"fa-solid fa-bath\"><\/i> Private bathroom with shower and separate toilet<\/li><li><i class=\"fa-solid fa-key\"><\/i> Private access via a separate entrance<\/li><li><i class=\"fa-solid fa-soap\"><\/i> Towels, a hairdryer and toiletries provided<\/li><\/ul><hr style=\"margin: 20px 0; border: 0; border-top: 1px solid #b08b6a;\" \/><p><!-- INFORMATIONS PRATIQUES --><\/p><div class=\"section-title\" style=\"color: #b08b6a;\">Practical information<\/div><div class=\"info\"><ul><li><i class=\"fa-solid fa-door-open\"><\/i> Check-in between 5 p.m. and 8 p.m.<\/li><li><i class=\"fa-solid fa-door-closed\"><\/i> Check-out until 11am<\/li><li><i class=\"fa-solid fa-exclamation-circle\"><\/i> In the event of early or late arrival, please let us know. An additional charge of \u20ac18 will apply.<\/li><\/ul><\/div><hr style=\"margin: 20px 0; border: 0; border-top: 1px solid #b08b6a;\" \/><p><!-- PETIT-D\u00c9JEUNER --><\/p><div class=\"section-title\">Gourmet breakfast included<\/div><p>Each morning, enjoy a homemade breakfast made with fresh, locally sourced products.<br \/><strong>Served from 9:00 am to 10:00 am.<\/strong><br \/>If you have any food allergies, please inform us in advance.<\/p><p><!-- CONFORT --><\/p><div class=\"section-title\">Your comfort comes first<\/div><ul><li><i class=\"fa-solid fa-star\"><\/i> Spacious and comfortable accommodation, ideal for families<\/li><li><i class=\"fa-solid fa-bath\"><\/i> Private bathroom with towels, a hairdryer and toiletries<\/li><li><i class=\"fa-solid fa-wifi\"><\/i> Free unlimited Wi-Fi<\/li><li><i class=\"fa-solid fa-tv\"><\/i> Chromecast TV<\/li><\/ul><p><!-- PETITS PLUS --><\/p><div class=\"section-title\">The small extras that make all the difference<\/div><ul><li><i class=\"fa-solid fa-child\"><\/i> <strong>For kids:<\/strong> Baby cot or extra bed available on request<\/li><li><i class=\"fa-solid fa-heart\"><\/i> <strong>For families:<\/strong> Separate private space for more comfort<\/li><\/ul><a class=\"btn-livret\" href=\"https:\/\/chezpepemerle.driing.co\/dl\/accueil\" target=\"_blank\" rel=\"noopener\">Open Booklet<\/a><\/div>\t\t\t\t\t\t\t\t<\/div>\n\t\t\t\t\t<\/div>\n\t\t\t\t<\/div>\n\t\t\t\t\t<\/details>\n\t\t\t\t\t<\/div>\n\t\t\t\t\t\t<\/div>\n\t\t\t\t<\/div>\n\t\t<div class=\"elementor-element elementor-element-663417e7 e-con-full e-flex e-con e-child\" data-id=\"663417e7\" data-element_type=\"container\">\n\t\t\t\t<div class=\"elementor-element elementor-element-502c75b7 animated-slow elementor-widget-mobile__width-initial elementor-invisible elementor-widget elementor-widget-image\" data-id=\"502c75b7\" data-element_type=\"widget\" data-settings=\"{&quot;_animation&quot;:&quot;fadeInUp&quot;}\" data-widget_type=\"image.default\">\n\t\t\t\t\t\t\t\t\t\t\t\t\t\t\t<img fetchpriority=\"high\" decoding=\"async\" width=\"1920\" height=\"2560\" src=\"https:\/\/chezpepemerle.fr\/wp-content\/uploads\/2026\/02\/P1373444-scaled.jpg\" class=\"attachment-full size-full wp-image-1919\" alt=\"\" srcset=\"https:\/\/chezpepemerle.fr\/wp-content\/uploads\/2026\/02\/P1373444-scaled.jpg 1920w, https:\/\/chezpepemerle.fr\/wp-content\/uploads\/2026\/02\/P1373444-225x300.jpg 225w, https:\/\/chezpepemerle.fr\/wp-content\/uploads\/2026\/02\/P1373444-768x1024.jpg 768w, https:\/\/chezpepemerle.fr\/wp-content\/uploads\/2026\/02\/P1373444-1152x1536.jpg 1152w, https:\/\/chezpepemerle.fr\/wp-content\/uploads\/2026\/02\/P1373444-1536x2048.jpg 1536w, https:\/\/chezpepemerle.fr\/wp-content\/uploads\/2026\/02\/P1373444-9x12.jpg 9w\" sizes=\"(max-width: 1920px) 100vw, 1920px\" \/>\t\t\t\t\t\t\t\t\t\t\t\t\t\t\t<\/div>\n\t\t\t\t<div class=\"elementor-element elementor-element-7807a3c0 elementor-widget-mobile__width-initial elementor-invisible elementor-widget elementor-widget-image\" data-id=\"7807a3c0\" data-element_type=\"widget\" data-settings=\"{&quot;_animation&quot;:&quot;fadeInRight&quot;}\" data-widget_type=\"image.default\">\n\t\t\t\t\t\t\t\t\t\t\t\t\t\t\t<img decoding=\"async\" width=\"2560\" height=\"1920\" src=\"https:\/\/chezpepemerle.fr\/wp-content\/uploads\/2025\/11\/P1372919-scaled.jpg\" class=\"attachment-full size-full wp-image-1018\" alt=\"\" srcset=\"https:\/\/chezpepemerle.fr\/wp-content\/uploads\/2025\/11\/P1372919-scaled.jpg 2560w, https:\/\/chezpepemerle.fr\/wp-content\/uploads\/2025\/11\/P1372919-300x225.jpg 300w, https:\/\/chezpepemerle.fr\/wp-content\/uploads\/2025\/11\/P1372919-1024x768.jpg 1024w, https:\/\/chezpepemerle.fr\/wp-content\/uploads\/2025\/11\/P1372919-768x576.jpg 768w, https:\/\/chezpepemerle.fr\/wp-content\/uploads\/2025\/11\/P1372919-1536x1152.jpg 1536w, https:\/\/chezpepemerle.fr\/wp-content\/uploads\/2025\/11\/P1372919-2048x1536.jpg 2048w\" sizes=\"(max-width: 2560px) 100vw, 2560px\" \/>\t\t\t\t\t\t\t\t\t\t\t\t\t\t\t<\/div>\n\t\t\t\t<\/div>\n\t\t\t\t\t<\/div>\n\t\t\t\t<\/div>\n\t\t<div class=\"elementor-element elementor-element-1007d77 e-flex e-con-boxed e-con e-parent\" data-id=\"1007d77\" data-element_type=\"container\">\n\t\t\t\t\t<div class=\"e-con-inner\">\n\t\t\t\t\t<\/div>\n\t\t\t\t<\/div>\n\t\t\t\t<\/div>","protected":false},"excerpt":{"rendered":"<p>Suite Famille L\u2019Esprit Maison d\u2019h\u00f4tes Chez P\u00e9p\u00e9 Merle n\u2019est pas un meubl\u00e9 touristique impersonnel et encore moins un h\u00f4tel sans \u00e2me, c\u2019est une v\u00e9ritable maison d\u2019h\u00f4tes au c\u0153ur de Paris. Je vous re\u00e7ois avec simplicit\u00e9 et convivialit\u00e9, dans mon appartement familial h\u00e9rit\u00e9 de P\u00e9p\u00e9 Merle pour vous faire d\u00e9couvrir Paris autrement. Voici un aper\u00e7u des [&hellip;]<\/p>","protected":false},"author":1,"featured_media":0,"parent":0,"menu_order":0,"comment_status":"closed","ping_status":"closed","template":"elementor_header_footer","meta":{"footnotes":""},"class_list":["post-924","page","type-page","status-publish","hentry"],"_links":{"self":[{"href":"https:\/\/chezpepemerle.fr\/en\/wp-json\/wp\/v2\/pages\/924","targetHints":{"allow":["GET"]}}],"collection":[{"href":"https:\/\/chezpepemerle.fr\/en\/wp-json\/wp\/v2\/pages"}],"about":[{"href":"https:\/\/chezpepemerle.fr\/en\/wp-json\/wp\/v2\/types\/page"}],"author":[{"embeddable":true,"href":"https:\/\/chezpepemerle.fr\/en\/wp-json\/wp\/v2\/users\/1"}],"replies":[{"embeddable":true,"href":"https:\/\/chezpepemerle.fr\/en\/wp-json\/wp\/v2\/comments?post=924"}],"version-history":[{"count":59,"href":"https:\/\/chezpepemerle.fr\/en\/wp-json\/wp\/v2\/pages\/924\/revisions"}],"predecessor-version":[{"id":2639,"href":"https:\/\/chezpepemerle.fr\/en\/wp-json\/wp\/v2\/pages\/924\/revisions\/2639"}],"wp:attachment":[{"href":"https:\/\/chezpepemerle.fr\/en\/wp-json\/wp\/v2\/media?parent=924"}],"curies":[{"name":"wp","href":"https:\/\/api.w.org\/{rel}","templated":true}]}}