{"id":40,"date":"2025-08-07T16:32:51","date_gmt":"2025-08-07T16:32:51","guid":{"rendered":"http:\/\/rfprmrm.cluster100.hosting.ovh.net\/index.php\/about-us\/"},"modified":"2026-03-08T10:21:39","modified_gmt":"2026-03-08T10:21:39","slug":"votre-hote","status":"publish","type":"page","link":"https:\/\/chezpepemerle.fr\/en\/votre-hote\/","title":{"rendered":"Your host"},"content":{"rendered":"<div data-elementor-type=\"wp-page\" data-elementor-id=\"40\" class=\"elementor elementor-40\">\n\t\t\t\t<div class=\"elementor-element elementor-element-7fa2dc55 e-con-full e-flex e-con e-parent\" data-id=\"7fa2dc55\" data-element_type=\"container\">\n\t\t<div class=\"elementor-element elementor-element-11b0f0ce e-con-full e-flex e-con e-child\" data-id=\"11b0f0ce\" data-element_type=\"container\" data-settings=\"{&quot;animation&quot;:&quot;none&quot;}\">\n\t\t<div class=\"elementor-element elementor-element-425aece2 e-con-full animated-slow e-flex elementor-invisible e-con e-child\" data-id=\"425aece2\" data-element_type=\"container\" data-settings=\"{&quot;animation&quot;:&quot;fadeIn&quot;}\">\n\t\t\t\t<div class=\"elementor-element elementor-element-2fe4dab2 animated-slow elementor-invisible elementor-widget elementor-widget-heading\" data-id=\"2fe4dab2\" data-element_type=\"widget\" data-settings=\"{&quot;_animation&quot;:&quot;fadeIn&quot;}\" data-widget_type=\"heading.default\">\n\t\t\t\t\t<h1 class=\"elementor-heading-title elementor-size-default\"><h2 data-elementor-setting-key=\"title\" data-pen-placeholder=\"Type Here...\" style=\"font-family: Prata, sans-serif;font-weight: 400;line-height: 66px;font-size: 55px;text-transform: none;font-style: normal;text-decoration: none;letter-spacing: 2px\">My vision<\/h2><\/h1>\t\t\t\t<\/div>\n\t\t\t\t<div class=\"elementor-element elementor-element-365af02e elementor-widget__width-initial elementor-invisible elementor-widget elementor-widget-text-editor\" data-id=\"365af02e\" data-element_type=\"widget\" data-settings=\"{&quot;_animation&quot;:&quot;fadeInDown&quot;}\" data-widget_type=\"text-editor.default\">\n\t\t\t\t\t\t\t\t\t<p style=\"text-align: start; margin-top: 0px;\"><span style=\"white-space-collapse: preserve;\">Experience Paris like a Parisian. Discover Paris differently\u2014that is what I offer when welcoming you to Chez P\u00e9p\u00e9 Merle. I am your guide to making your stay a truly unique journey, tailored to your every wish: a romantic weekend? A visit to Versailles or Chantilly? The Louvre or Carnavalet? Where to find the best croissant in the city? Vintage fashion boutiques in Paris? A stroll through street art? Share your dreams with me. Your Paris experience begins here.<\/span><\/p>\t\t\t\t\t\t\t\t<\/div>\n\t\t\t\t<div class=\"elementor-element elementor-element-41523ef elementor-widget-mobile__width-initial animated-slow elementor-invisible elementor-widget elementor-widget-image\" data-id=\"41523ef\" data-element_type=\"widget\" data-settings=\"{&quot;_animation&quot;:&quot;fadeInLeft&quot;}\" data-widget_type=\"image.default\">\n\t\t\t\t\t\t\t\t\t\t\t\t<figure class=\"wp-caption\">\n\t\t\t\t\t\t\t\t\t\t<img fetchpriority=\"high\" decoding=\"async\" width=\"600\" height=\"1403\" src=\"https:\/\/chezpepemerle.fr\/wp-content\/uploads\/2026\/01\/reverbere.png\" class=\"attachment-full size-full wp-image-1687\" alt=\"\" srcset=\"https:\/\/chezpepemerle.fr\/wp-content\/uploads\/2026\/01\/reverbere.png 600w, https:\/\/chezpepemerle.fr\/wp-content\/uploads\/2026\/01\/reverbere-128x300.png 128w, https:\/\/chezpepemerle.fr\/wp-content\/uploads\/2026\/01\/reverbere-438x1024.png 438w, https:\/\/chezpepemerle.fr\/wp-content\/uploads\/2026\/01\/reverbere-5x12.png 5w\" sizes=\"(max-width: 600px) 100vw, 600px\" \/>\t\t\t\t\t\t\t\t\t\t\t<figcaption class=\"widget-image-caption wp-caption-text\"><\/figcaption>\n\t\t\t\t\t\t\t\t\t\t<\/figure>\n\t\t\t\t\t\t\t\t\t<\/div>\n\t\t\t\t<\/div>\n\t\t\t\t<\/div>\n\t\t<div class=\"elementor-element elementor-element-6f9efb58 e-con-full animated-slow e-flex elementor-invisible e-con e-child\" data-id=\"6f9efb58\" data-element_type=\"container\" data-settings=\"{&quot;background_background&quot;:&quot;classic&quot;,&quot;animation&quot;:&quot;fadeIn&quot;}\">\n\t\t\t\t<\/div>\n\t\t\t\t<\/div>\n\t\t<div class=\"elementor-element elementor-element-c56a9e5 e-flex e-con-boxed elementor-invisible e-con e-parent\" data-id=\"c56a9e5\" data-element_type=\"container\" data-settings=\"{&quot;animation&quot;:&quot;fadeIn&quot;}\">\n\t\t\t\t\t<div class=\"e-con-inner\">\n\t\t<div class=\"elementor-element elementor-element-7996a0f e-con-full e-flex e-con e-child\" data-id=\"7996a0f\" data-element_type=\"container\">\n\t\t\t\t<div class=\"elementor-element elementor-element-ad3056c elementor-widget elementor-widget-cta\" data-id=\"ad3056c\" data-element_type=\"widget\" data-settings=\"{&quot;cta_position&quot;:&quot;column&quot;,&quot;primary_button_shape&quot;:&quot;sharp&quot;,&quot;layout_preset&quot;:&quot;streamline&quot;,&quot;content_alignment&quot;:&quot;start&quot;,&quot;content_alignment_tablet&quot;:&quot;center&quot;,&quot;content_alignment_mobile&quot;:&quot;center&quot;,&quot;cta_width&quot;:&quot;default&quot;,&quot;box_shape&quot;:&quot;sharp&quot;}\" data-widget_type=\"cta.default\">\n\t\t\t\t<div class=\"elementor-widget-container\">\n\t\t\t\t\t\t\t<div class=\"has-shape-sharp shape-type-box ehp-cta has-preset-streamline\">\n\t\t\t<div class=\"ehp-cta__overlay\"><\/div>\n\t\t\t<div class=\"ehp-cta__elements-container\">\n\t\t\t\t\t\t<div class=\"ehp-cta__text-container\">\n\t\t\t<h2 class=\"ehp-cta__heading\">Who am I?<\/h2>\t\t<\/div>\n\t\t\t\t\t<div class=\"ehp-cta__ctas-container has-cta-width-default\">\n\t\t\t\t<div class=\"ehp-cta__buttons-wrapper\">\n\t\t\t\t\t\t\t\t\t\t\t\t\t\t<\/div>\n\t\t\t<\/div>\n\t\t\t\t\t<\/div>\n\t\t<\/div>\n\t\t\t\t\t\t<\/div>\n\t\t\t\t<\/div>\n\t\t\t\t<div class=\"elementor-element elementor-element-23ae252 elementor-widget__width-initial elementor-invisible elementor-widget elementor-widget-text-editor\" data-id=\"23ae252\" data-element_type=\"widget\" data-settings=\"{&quot;_animation&quot;:&quot;fadeIn&quot;}\" data-widget_type=\"text-editor.default\">\n\t\t\t\t\t\t\t\t\t<p style=\"margin-top: 0px; color: #333333; font-family: Oswald, sans-serif; font-size: 16.8px; text-align: justify;\">My name is Claire, and I am mum to little Gabriel.<br style=\"margin-top: 0px;\" \/><br \/>To help you get to know me better, I had fun answering the famous Proust Questionnaire:<\/p><ul style=\"color: #333333; font-family: Oswald, sans-serif; font-size: 16.8px; text-align: justify; background-color: #ffffff;\"><li style=\"margin-bottom: 10px; margin-top: 0px;\"><p>Your favourite virtue:<\/p><p><em>Justice<\/em><\/p><\/li><li style=\"margin-bottom: 10px;\"><p>Your idea of happiness:<\/p><p><em>A cheese board, fresh bread, a glass of wine, a good vinyl record, and plenty of friends!<\/em><\/p><\/li><li style=\"margin-bottom: 10px;\"><p>Your favourite colour and flower:<\/p><p><em>Green and peonies<\/em><\/p><\/li><li style=\"margin-bottom: 10px;\"><p>If you were not yourself, who would you like to be?<\/p><p><em>Karl Lagerfeld, Allyson Felix or Juliette Gr\u00e9co.<\/em><\/p><\/li><li style=\"margin-bottom: 10px;\"><p>Your favourite prose writers:<\/p><p><em>Virginie Despentes, Leila Slimani, Rachid Dja\u00efdani, Nancy Huston, Russel Banks, Toni Morisson.<\/em><\/p><\/li><li style=\"margin-bottom: 10px;\"><p>Your favourite painters and composers:<\/p><p><em>Caillebotte, Ingres, Picasso, Keith Haring, Jonone et Jay Dilla, Prince, Gainsbourg.<\/em><\/p><\/li><li style=\"margin-bottom: 10px;\"><p>Your greatest dislike:<\/p><p><em>Line 13 of the metro at rush hour.<\/em><\/p><\/li><li style=\"margin-bottom: 10px;\"><p>Which flaw do you show the most leniency towards?<\/p><p><em>I show no leniency\u2026 except when it comes to my own faults.<\/em><\/p><\/li><li style=\"margin-bottom: 10px;\"><p>Which historical figures do you despise the most?<\/p><p><em>Donald T.<\/em><\/p><\/li><\/ul>\t\t\t\t\t\t\t\t<\/div>\n\t\t\t\t<div class=\"elementor-element elementor-element-6803157 animated-slow elementor-widget-mobile__width-initial elementor-invisible elementor-widget elementor-widget-image\" data-id=\"6803157\" data-element_type=\"widget\" data-settings=\"{&quot;_animation&quot;:&quot;fadeInUp&quot;}\" data-widget_type=\"image.default\">\n\t\t\t\t\t\t\t\t\t\t\t\t\t\t\t<img decoding=\"async\" width=\"1000\" height=\"489\" src=\"https:\/\/chezpepemerle.fr\/wp-content\/uploads\/2026\/01\/Pont-alexandre-3.png\" class=\"attachment-full size-full wp-image-1688\" alt=\"\" srcset=\"https:\/\/chezpepemerle.fr\/wp-content\/uploads\/2026\/01\/Pont-alexandre-3.png 1000w, https:\/\/chezpepemerle.fr\/wp-content\/uploads\/2026\/01\/Pont-alexandre-3-300x147.png 300w, https:\/\/chezpepemerle.fr\/wp-content\/uploads\/2026\/01\/Pont-alexandre-3-768x376.png 768w, https:\/\/chezpepemerle.fr\/wp-content\/uploads\/2026\/01\/Pont-alexandre-3-18x9.png 18w\" sizes=\"(max-width: 1000px) 100vw, 1000px\" \/>\t\t\t\t\t\t\t\t\t\t\t\t\t\t\t<\/div>\n\t\t\t\t<\/div>\n\t\t\t\t\t<\/div>\n\t\t\t\t<\/div>\n\t\t\t\t<\/div>","protected":false},"excerpt":{"rendered":"<p>Ma vision Vivre Paris comme une parisienne, un parisien.\u00a0D\u00e9couvrir Paris autrement\u00a0: voil\u00e0 ce que je vous propose en vous\u00a0accueillant Chez P\u00e9p\u00e9 Merle. Je suis votre guide pour faire de votre s\u00e9jour un voyage unique \u00e0 la hauteur de toutes vos envies\u00a0: week-end en amoureux\u00a0? Visiter Versailles ou Chantilly\u00a0? Le Louvre ou Carnavalet\u00a0? O\u00f9 trouver le [&hellip;]<\/p>","protected":false},"author":1,"featured_media":0,"parent":0,"menu_order":0,"comment_status":"closed","ping_status":"closed","template":"elementor_header_footer","meta":{"footnotes":""},"class_list":["post-40","page","type-page","status-publish","hentry"],"_links":{"self":[{"href":"https:\/\/chezpepemerle.fr\/en\/wp-json\/wp\/v2\/pages\/40","targetHints":{"allow":["GET"]}}],"collection":[{"href":"https:\/\/chezpepemerle.fr\/en\/wp-json\/wp\/v2\/pages"}],"about":[{"href":"https:\/\/chezpepemerle.fr\/en\/wp-json\/wp\/v2\/types\/page"}],"author":[{"embeddable":true,"href":"https:\/\/chezpepemerle.fr\/en\/wp-json\/wp\/v2\/users\/1"}],"replies":[{"embeddable":true,"href":"https:\/\/chezpepemerle.fr\/en\/wp-json\/wp\/v2\/comments?post=40"}],"version-history":[{"count":95,"href":"https:\/\/chezpepemerle.fr\/en\/wp-json\/wp\/v2\/pages\/40\/revisions"}],"predecessor-version":[{"id":2489,"href":"https:\/\/chezpepemerle.fr\/en\/wp-json\/wp\/v2\/pages\/40\/revisions\/2489"}],"wp:attachment":[{"href":"https:\/\/chezpepemerle.fr\/en\/wp-json\/wp\/v2\/media?parent=40"}],"curies":[{"name":"wp","href":"https:\/\/api.w.org\/{rel}","templated":true}]}}