{"id":1149,"date":"2025-11-22T08:55:02","date_gmt":"2025-11-22T08:55:02","guid":{"rendered":"http:\/\/rfprmrm.cluster100.hosting.ovh.net\/?page_id=1149"},"modified":"2026-03-08T10:28:48","modified_gmt":"2026-03-08T10:28:48","slug":"le-quartier","status":"publish","type":"page","link":"https:\/\/chezpepemerle.fr\/en\/le-quartier\/","title":{"rendered":"The neighbourhood"},"content":{"rendered":"<div data-elementor-type=\"wp-page\" data-elementor-id=\"1149\" class=\"elementor elementor-1149\">\n\t\t\t\t<div class=\"elementor-element elementor-element-871fbce e-con-full elementor-hidden-mobile e-flex elementor-invisible e-con e-parent\" data-id=\"871fbce\" data-element_type=\"container\" data-settings=\"{&quot;animation&quot;:&quot;fadeInUp&quot;}\">\n\t\t\t\t<div class=\"elementor-element elementor-element-ed7cbe3 animated-slow elementor-invisible elementor-widget elementor-widget-image\" data-id=\"ed7cbe3\" data-element_type=\"widget\" data-settings=\"{&quot;_animation&quot;:&quot;fadeInUp&quot;}\" data-widget_type=\"image.default\">\n\t\t\t\t\t\t\t\t\t\t\t\t\t\t\t<img fetchpriority=\"high\" decoding=\"async\" width=\"1000\" height=\"465\" src=\"https:\/\/chezpepemerle.fr\/wp-content\/uploads\/2026\/01\/TOITS2.png\" class=\"attachment-full size-full wp-image-1685\" alt=\"\" srcset=\"https:\/\/chezpepemerle.fr\/wp-content\/uploads\/2026\/01\/TOITS2.png 1000w, https:\/\/chezpepemerle.fr\/wp-content\/uploads\/2026\/01\/TOITS2-300x140.png 300w, https:\/\/chezpepemerle.fr\/wp-content\/uploads\/2026\/01\/TOITS2-768x357.png 768w, https:\/\/chezpepemerle.fr\/wp-content\/uploads\/2026\/01\/TOITS2-18x8.png 18w\" sizes=\"(max-width: 1000px) 100vw, 1000px\" \/>\t\t\t\t\t\t\t\t\t\t\t\t\t\t\t<\/div>\n\t\t\t\t<\/div>\n\t\t<div class=\"elementor-element elementor-element-0aa3df8 animated-slow elementor-hidden-mobile e-flex e-con-boxed elementor-invisible e-con e-parent\" data-id=\"0aa3df8\" data-element_type=\"container\" data-settings=\"{&quot;animation&quot;:&quot;fadeIn&quot;}\">\n\t\t\t\t\t<div class=\"e-con-inner\">\n\t\t<div class=\"elementor-element elementor-element-4ee96d0 e-con-full e-flex e-con e-child\" data-id=\"4ee96d0\" data-element_type=\"container\">\n\t\t\t\t<div class=\"elementor-element elementor-element-63f3abc elementor-widget elementor-widget-cta\" data-id=\"63f3abc\" data-element_type=\"widget\" data-settings=\"{&quot;cta_position&quot;:&quot;column&quot;,&quot;primary_button_shape&quot;:&quot;sharp&quot;,&quot;layout_preset&quot;:&quot;streamline&quot;,&quot;content_alignment&quot;:&quot;start&quot;,&quot;content_alignment_tablet&quot;:&quot;center&quot;,&quot;content_alignment_mobile&quot;:&quot;center&quot;,&quot;cta_width&quot;:&quot;default&quot;,&quot;box_shape&quot;:&quot;sharp&quot;}\" data-widget_type=\"cta.default\">\n\t\t\t\t<div class=\"elementor-widget-container\">\n\t\t\t\t\t\t\t<div class=\"has-shape-sharp shape-type-box ehp-cta has-preset-streamline\">\n\t\t\t<div class=\"ehp-cta__overlay\"><\/div>\n\t\t\t<div class=\"ehp-cta__elements-container\">\n\t\t\t\t\t\t<div class=\"ehp-cta__text-container\">\n\t\t\t<h2 class=\"ehp-cta__heading\">Enjoy Paris like a true Parisian<\/h2>\t\t<\/div>\n\t\t\t\t\t<div class=\"ehp-cta__ctas-container has-cta-width-default\">\n\t\t\t\t<div class=\"ehp-cta__buttons-wrapper\">\n\t\t\t\t\t\t\t\t\t\t\t\t\t\t<\/div>\n\t\t\t<\/div>\n\t\t\t\t\t<\/div>\n\t\t<\/div>\n\t\t\t\t\t\t<\/div>\n\t\t\t\t<\/div>\n\t\t\t\t<div class=\"elementor-element elementor-element-fd91d7a elementor-widget elementor-widget-text-editor\" data-id=\"fd91d7a\" data-element_type=\"widget\" data-widget_type=\"text-editor.default\">\n\t\t\t\t\t\t\t\t\t<style><span data-mce-type=\"bookmark\" style=\"display: inline-block; width: 0px; overflow: hidden; line-height: 0;\" class=\"mce_SELRES_start\">\ufeff<\/span><br \/>\n  body {<br \/>\n    font-family: \"Poppins\", \"Helvetica Neue\", sans-serif;<br \/>\n    color: #1b1b1b;<br \/>\n    background-color: #fafafa;<br \/>\n    padding: 40px;<br \/>\n  }<\/p>\n<p>  .card {<br \/>\n    background: #fff;<br \/>\n    border-radius: 12px;<br \/>\n    padding: 25px 30px;<br \/>\n    box-shadow: 0 2px 10px rgba(0,0,0,0.08);<br \/>\n    margin-bottom: 25px;<br \/>\n  }<\/p>\n<p>  .section-title {<br \/>\n    color: #b08b6a;<br \/>\n    font-size: 18px;<br \/>\n    font-weight: 600;<br \/>\n    margin-bottom: 15px;<br \/>\n    text-transform: uppercase;<br \/>\n  }<\/p>\n<p>  .intro {<br \/>\n    font-size: 16px;<br \/>\n    font-weight: 500;<br \/>\n    margin-bottom: 20px;<br \/>\n  }<\/p>\n<p>  p {<br \/>\n    margin-bottom: 15px;<br \/>\n  }<\/p>\n<p>  ul {<br \/>\n    list-style: none;<br \/>\n    padding-left: 0;<br \/>\n    margin: 0;<br \/>\n  }<\/p>\n<p>  ul li {<br \/>\n    margin-bottom: 10px;<br \/>\n    display: flex;<br \/>\n    align-items: flex-start;<br \/>\n    gap: 12px;<br \/>\n  }<\/p>\n<p>  ul li i {<br \/>\n    color: #b08b6a;<br \/>\n    font-size: 16px;<br \/>\n    width: 20px;<br \/>\n    text-align: center;<br \/>\n    margin-top: 3px;<br \/>\n    flex-shrink: 0;<br \/>\n  }<\/p>\n<p>  .info {<br \/>\n    font-size: 15px;<br \/>\n    line-height: 1.7;<br \/>\n  }<br \/>\n<\/style>\n<div class=\"card\">\n<div class=\"section-title\"><\/div>\n<div class=\"info\">\n<p class=\"intro\"><i class=\"fa-solid fa-location-dot\"><\/i>\nDiscover the authentic charm of Paris\u2019s 11th arrondissement<\/p>\nIn Paris, there is a neighbourhood where you can discover a lively, welcoming and creative city: the <strong>11e arrondissement<\/strong>Far from the usual tourist routes, it embodies the spirit of the real Paris\u2014of lively terraces, hidden passageways, neighbourhood theatres, independent bookshops and colourful markets. It is here, at <strong>131 rue du Chemin Vert<\/strong>where is located <strong>Chez P\u00e9p\u00e9 Merle<\/strong>.\n\n<i class=\"fa-solid fa-person-walking\"><\/i>\nEverything around us can be enjoyed on foot: wander through iconic squares such as <strong>Bastille<\/strong> or <strong>Voltaire<\/strong>walk around <strong>cimeti\u00e8re du P\u00e8re Lachaise<\/strong>explore the <strong>Cour de l\u2019Industrie<\/strong> or the <strong>passage Rochebrune<\/strong>unwind in hidden gardens such as <strong>square Gardette<\/strong> or the <strong>jardin Truillot<\/strong>. A few minutes away, discover the unexpected with <strong>l\u2019Atelier des Lumi\u00e8res<\/strong>attend a concert at <strong>Bataclan<\/strong> or enjoy a laugh in independent theatres.\n\n<i class=\"fa-solid fa-utensils\"><\/i>\nFor food lovers, the neighbourhood is brimming with sought-after places: from <strong>Chateaubriand<\/strong> to <strong>Servan<\/strong>from <strong>Clamato<\/strong> to <strong>Manufacture Ducasse<\/strong>. The culinary scene in the 11th arrondissement is as vibrant as it is cosmopolitan. And for a drink or a dance, head to <strong>Oberkampf<\/strong>, <strong>Charonne<\/strong>\nor <strong>rue Jean-Pierre Timbaud<\/strong>.\n\n<i class=\"fa-solid fa-train-subway\"><\/i>\nWell connected, the neighbourhood is accessible via several metro lines (2, 3, 5, 8, 9, 11), bus routes and V\u00e9lib\u2019 stations.\n<ul>\n \t<li><i class=\"fa-solid fa-church\"><\/i> Notre-Dame : 22 min<\/li>\n \t<li><i class=\"fa-solid fa-landmark\"><\/i> Le Louvre : 29 min<\/li>\n \t<li><i class=\"fa-solid fa-mountain-city\"><\/i> Montmartre : 19 min<\/li>\n \t<li><i class=\"fa-solid fa-train\"><\/i> Gare de Lyon : 14 min<\/li>\n \t<li><i class=\"fa-solid fa-plane-departure\"><\/i> A\u00e9roport d\u2019Orly : 39 min<\/li>\n<\/ul>\n<i class=\"fa-solid fa-heart\"><\/i>\n<strong>Chez P\u00e9p\u00e9 Merle<\/strong>it is the warmth of a guest house in a neighbourhood where the heart of Paris beats, between popular traditions and contemporary energy. Here, you experience Paris differently \u2014 with <strong>style<\/strong>, <strong>simplicity<\/strong> and <strong>sincerity<\/strong>.\n\n<\/div>\n<\/div>\t\t\t\t\t\t\t\t<\/div>\n\t\t\t\t<\/div>\n\t\t<div class=\"elementor-element elementor-element-5e42489 e-con-full e-flex e-con e-child\" data-id=\"5e42489\" data-element_type=\"container\">\n\t\t<div class=\"elementor-element elementor-element-8dbb20f e-con-full e-flex e-con e-child\" data-id=\"8dbb20f\" data-element_type=\"container\">\n\t\t\t\t<div class=\"elementor-element elementor-element-803038d animated-slow elementor-widget-mobile__width-initial elementor-widget__width-initial elementor-invisible elementor-widget elementor-widget-image\" data-id=\"803038d\" data-element_type=\"widget\" data-settings=\"{&quot;_animation&quot;:&quot;fadeInUp&quot;}\" data-widget_type=\"image.default\">\n\t\t\t\t\t\t\t\t\t\t\t\t\t\t\t<img decoding=\"async\" width=\"1920\" height=\"2560\" src=\"https:\/\/chezpepemerle.fr\/wp-content\/uploads\/2026\/01\/detail-facade-ave-republique-2-scaled.jpg\" class=\"attachment-full size-full wp-image-1787\" alt=\"\" srcset=\"https:\/\/chezpepemerle.fr\/wp-content\/uploads\/2026\/01\/detail-facade-ave-republique-2-scaled.jpg 1920w, https:\/\/chezpepemerle.fr\/wp-content\/uploads\/2026\/01\/detail-facade-ave-republique-2-225x300.jpg 225w, https:\/\/chezpepemerle.fr\/wp-content\/uploads\/2026\/01\/detail-facade-ave-republique-2-768x1024.jpg 768w, https:\/\/chezpepemerle.fr\/wp-content\/uploads\/2026\/01\/detail-facade-ave-republique-2-1152x1536.jpg 1152w, https:\/\/chezpepemerle.fr\/wp-content\/uploads\/2026\/01\/detail-facade-ave-republique-2-1536x2048.jpg 1536w, https:\/\/chezpepemerle.fr\/wp-content\/uploads\/2026\/01\/detail-facade-ave-republique-2-9x12.jpg 9w\" sizes=\"(max-width: 1920px) 100vw, 1920px\" \/>\t\t\t\t\t\t\t\t\t\t\t\t\t\t\t<\/div>\n\t\t\t\t<div class=\"elementor-element elementor-element-d84ae43 elementor-widget-mobile__width-initial animated-slow elementor-invisible elementor-widget elementor-widget-image\" data-id=\"d84ae43\" data-element_type=\"widget\" data-settings=\"{&quot;_animation&quot;:&quot;fadeInRight&quot;}\" data-widget_type=\"image.default\">\n\t\t\t\t\t\t\t\t\t\t\t\t\t\t\t<img decoding=\"async\" width=\"415\" height=\"1200\" src=\"https:\/\/chezpepemerle.fr\/wp-content\/uploads\/2026\/01\/Colonne.png\" class=\"attachment-full size-full wp-image-1690\" alt=\"\" srcset=\"https:\/\/chezpepemerle.fr\/wp-content\/uploads\/2026\/01\/Colonne.png 415w, https:\/\/chezpepemerle.fr\/wp-content\/uploads\/2026\/01\/Colonne-104x300.png 104w, https:\/\/chezpepemerle.fr\/wp-content\/uploads\/2026\/01\/Colonne-354x1024.png 354w, https:\/\/chezpepemerle.fr\/wp-content\/uploads\/2026\/01\/Colonne-4x12.png 4w\" sizes=\"(max-width: 415px) 100vw, 415px\" \/>\t\t\t\t\t\t\t\t\t\t\t\t\t\t\t<\/div>\n\t\t\t\t<\/div>\n\t\t\t\t<\/div>\n\t\t\t\t\t<\/div>\n\t\t\t\t<\/div>\n\t\t<div class=\"elementor-element elementor-element-18d0eb2 animated-slow elementor-hidden-desktop elementor-hidden-tablet e-flex e-con-boxed elementor-invisible e-con e-parent\" data-id=\"18d0eb2\" data-element_type=\"container\" data-settings=\"{&quot;animation&quot;:&quot;fadeIn&quot;}\">\n\t\t\t\t\t<div class=\"e-con-inner\">\n\t\t<div class=\"elementor-element elementor-element-66d5c1b e-con-full e-flex e-con e-child\" data-id=\"66d5c1b\" data-element_type=\"container\">\n\t\t\t\t<div class=\"elementor-element elementor-element-3fa4081 elementor-widget elementor-widget-cta\" data-id=\"3fa4081\" data-element_type=\"widget\" data-settings=\"{&quot;cta_position&quot;:&quot;column&quot;,&quot;primary_button_shape&quot;:&quot;sharp&quot;,&quot;layout_preset&quot;:&quot;streamline&quot;,&quot;content_alignment&quot;:&quot;start&quot;,&quot;content_alignment_tablet&quot;:&quot;center&quot;,&quot;content_alignment_mobile&quot;:&quot;center&quot;,&quot;cta_width&quot;:&quot;default&quot;,&quot;box_shape&quot;:&quot;sharp&quot;}\" data-widget_type=\"cta.default\">\n\t\t\t\t<div class=\"elementor-widget-container\">\n\t\t\t\t\t\t\t<div class=\"has-shape-sharp shape-type-box ehp-cta has-preset-streamline\">\n\t\t\t<div class=\"ehp-cta__overlay\"><\/div>\n\t\t\t<div class=\"ehp-cta__elements-container\">\n\t\t\t\t\t\t<div class=\"ehp-cta__text-container\">\n\t\t\t<h2 class=\"ehp-cta__heading\">Enjoy Paris like a true Parisian<\/h2>\t\t<\/div>\n\t\t\t\t\t<div class=\"ehp-cta__ctas-container has-cta-width-default\">\n\t\t\t\t<div class=\"ehp-cta__buttons-wrapper\">\n\t\t\t\t\t\t\t\t\t\t\t\t\t\t<\/div>\n\t\t\t<\/div>\n\t\t\t\t\t<\/div>\n\t\t<\/div>\n\t\t\t\t\t\t<\/div>\n\t\t\t\t<\/div>\n\t\t\t\t<div class=\"elementor-element elementor-element-61f062e elementor-widget elementor-widget-text-editor\" data-id=\"61f062e\" data-element_type=\"widget\" data-widget_type=\"text-editor.default\">\n\t\t\t\t\t\t\t\t\t<style><span data-mce-type=\"bookmark\" style=\"display: inline-block; width: 0px; overflow: hidden; line-height: 0;\" class=\"mce_SELRES_start\">\ufeff<\/span><br \/>\n  body {<br \/>\n    font-family: \"Poppins\", \"Helvetica Neue\", sans-serif;<br \/>\n    color: #1b1b1b;<br \/>\n    background-color: #fafafa;<br \/>\n    padding: 40px;<br \/>\n  }<\/p>\n<p>  .card {<br \/>\n    background: #fff;<br \/>\n    border-radius: 12px;<br \/>\n    padding: 25px 30px;<br \/>\n    box-shadow: 0 2px 10px rgba(0,0,0,0.08);<br \/>\n    margin-bottom: 25px;<br \/>\n  }<\/p>\n<p>  .section-title {<br \/>\n    color: #b08b6a;<br \/>\n    font-size: 18px;<br \/>\n    font-weight: 600;<br \/>\n    margin-bottom: 15px;<br \/>\n    text-transform: uppercase;<br \/>\n  }<\/p>\n<p>  .intro {<br \/>\n    font-size: 16px;<br \/>\n    font-weight: 500;<br \/>\n    margin-bottom: 20px;<br \/>\n  }<\/p>\n<p>  p {<br \/>\n    margin-bottom: 15px;<br \/>\n  }<\/p>\n<p>  ul {<br \/>\n    list-style: none;<br \/>\n    padding-left: 0;<br \/>\n    margin: 0;<br \/>\n  }<\/p>\n<p>  ul li {<br \/>\n    margin-bottom: 10px;<br \/>\n    display: flex;<br \/>\n    align-items: flex-start;<br \/>\n    gap: 12px;<br \/>\n  }<\/p>\n<p>  ul li i {<br \/>\n    color: #b08b6a;<br \/>\n    font-size: 16px;<br \/>\n    width: 20px;<br \/>\n    text-align: center;<br \/>\n    margin-top: 3px;<br \/>\n    flex-shrink: 0;<br \/>\n  }<\/p>\n<p>  .info {<br \/>\n    font-size: 15px;<br \/>\n    line-height: 1.7;<br \/>\n  }<br \/>\n<\/style>\n<div class=\"card\">\n<div class=\"section-title\"><\/div>\n<div class=\"info\">\n<p class=\"intro\"><i class=\"fa-solid fa-location-dot\"><\/i>\nDiscover the authentic charm of Paris\u2019s 11th arrondissement<\/p>\nIn Paris, there is a neighbourhood where you can discover a lively, welcoming and creative city: the <strong>11e arrondissement<\/strong>Far from the usual tourist routes, it embodies the spirit of the real Paris\u2014of lively terraces, hidden passageways, neighbourhood theatres, independent bookshops and colourful markets. It is here, at <strong>131 rue du Chemin Vert<\/strong>where is located <strong>Chez P\u00e9p\u00e9 Merle<\/strong>.\n\n<i class=\"fa-solid fa-person-walking\"><\/i>\nEverything around us can be enjoyed on foot: wander through iconic squares such as <strong>Bastille<\/strong> or <strong>Voltaire<\/strong>walk around <strong>cimeti\u00e8re du P\u00e8re Lachaise<\/strong>explore the <strong>Cour de l\u2019Industrie<\/strong> or the <strong>passage Rochebrune<\/strong>unwind in hidden gardens such as <strong>square Gardette<\/strong> or the <strong>jardin Truillot<\/strong>. A few minutes away, discover the unexpected with <strong>l\u2019Atelier des Lumi\u00e8res<\/strong>attend a concert at <strong>Bataclan<\/strong> or enjoy a laugh in independent theatres.\n\n<i class=\"fa-solid fa-utensils\"><\/i>\nFor food lovers, the neighbourhood is brimming with sought-after places: from <strong>Chateaubriand<\/strong> to <strong>Servan<\/strong>from <strong>Clamato<\/strong> to <strong>Manufacture Ducasse<\/strong>. The culinary scene in the 11th arrondissement is as vibrant as it is cosmopolitan. And for a drink or a dance, head to <strong>Oberkampf<\/strong>, <strong>Charonne<\/strong>\nor <strong>rue Jean-Pierre Timbaud<\/strong>.\n\n<i class=\"fa-solid fa-train-subway\"><\/i>\nWell connected, the neighbourhood is accessible via several metro lines (2, 3, 5, 8, 9, 11), bus routes and V\u00e9lib\u2019 stations.\n<ul>\n \t<li><i class=\"fa-solid fa-church\"><\/i> Notre-Dame : 22 min<\/li>\n \t<li><i class=\"fa-solid fa-landmark\"><\/i> Le Louvre : 29 min<\/li>\n \t<li><i class=\"fa-solid fa-mountain-city\"><\/i> Montmartre : 19 min<\/li>\n \t<li><i class=\"fa-solid fa-train\"><\/i> Gare de Lyon : 14 min<\/li>\n \t<li><i class=\"fa-solid fa-plane-departure\"><\/i> A\u00e9roport d\u2019Orly : 39 min<\/li>\n<\/ul>\n<i class=\"fa-solid fa-heart\"><\/i>\n<strong>Chez P\u00e9p\u00e9 Merle<\/strong>it is the warmth of a guest house in a neighbourhood where the heart of Paris beats, between popular traditions and contemporary energy. Here, you experience Paris differently \u2014 with <strong>style<\/strong>, <strong>simplicity<\/strong> and <strong>sincerity<\/strong>.\n\n<\/div>\n<\/div>\t\t\t\t\t\t\t\t<\/div>\n\t\t\t\t<\/div>\n\t\t<div class=\"elementor-element elementor-element-40e2b04 e-con-full e-flex e-con e-child\" data-id=\"40e2b04\" data-element_type=\"container\">\n\t\t<div class=\"elementor-element elementor-element-9a19379 e-con-full e-flex e-con e-child\" data-id=\"9a19379\" data-element_type=\"container\">\n\t\t\t\t<div class=\"elementor-element elementor-element-f9e39f3 elementor-widget-mobile__width-initial animated-slow elementor-invisible elementor-widget elementor-widget-image\" data-id=\"f9e39f3\" data-element_type=\"widget\" data-settings=\"{&quot;_animation&quot;:&quot;fadeInRight&quot;}\" data-widget_type=\"image.default\">\n\t\t\t\t\t\t\t\t\t\t\t\t\t\t\t<img decoding=\"async\" width=\"415\" height=\"1200\" src=\"https:\/\/chezpepemerle.fr\/wp-content\/uploads\/2026\/01\/Colonne.png\" class=\"attachment-full size-full wp-image-1690\" alt=\"\" srcset=\"https:\/\/chezpepemerle.fr\/wp-content\/uploads\/2026\/01\/Colonne.png 415w, https:\/\/chezpepemerle.fr\/wp-content\/uploads\/2026\/01\/Colonne-104x300.png 104w, https:\/\/chezpepemerle.fr\/wp-content\/uploads\/2026\/01\/Colonne-354x1024.png 354w, https:\/\/chezpepemerle.fr\/wp-content\/uploads\/2026\/01\/Colonne-4x12.png 4w\" sizes=\"(max-width: 415px) 100vw, 415px\" \/>\t\t\t\t\t\t\t\t\t\t\t\t\t\t\t<\/div>\n\t\t\t\t<\/div>\n\t\t\t\t<\/div>\n\t\t\t\t\t<\/div>\n\t\t\t\t<\/div>\n\t\t<div class=\"elementor-element elementor-element-070e2c4 e-flex e-con-boxed e-con e-parent\" data-id=\"070e2c4\" data-element_type=\"container\">\n\t\t\t\t\t<div class=\"e-con-inner\">\n\t\t\t\t<div class=\"elementor-element elementor-element-6e38ee6 elementor-widget elementor-widget-cta\" data-id=\"6e38ee6\" data-element_type=\"widget\" data-settings=\"{&quot;cta_position&quot;:&quot;column&quot;,&quot;primary_button_shape&quot;:&quot;sharp&quot;,&quot;layout_preset&quot;:&quot;streamline&quot;,&quot;content_alignment&quot;:&quot;start&quot;,&quot;content_alignment_tablet&quot;:&quot;center&quot;,&quot;content_alignment_mobile&quot;:&quot;center&quot;,&quot;cta_width&quot;:&quot;default&quot;,&quot;box_shape&quot;:&quot;sharp&quot;}\" data-widget_type=\"cta.default\">\n\t\t\t\t<div class=\"elementor-widget-container\">\n\t\t\t\t\t\t\t<div class=\"has-shape-sharp shape-type-box ehp-cta has-preset-streamline\">\n\t\t\t<div class=\"ehp-cta__overlay\"><\/div>\n\t\t\t<div class=\"ehp-cta__elements-container\">\n\t\t\t\t\t\t<div class=\"ehp-cta__text-container\">\n\t\t\t<h2 class=\"ehp-cta__heading\">Paris 11\u00e8me<\/h2>\t\t<\/div>\n\t\t\t\t\t<div class=\"ehp-cta__ctas-container has-cta-width-default\">\n\t\t\t\t<div class=\"ehp-cta__buttons-wrapper\">\n\t\t\t\t\t\t\t\t\t\t\t\t\t\t<\/div>\n\t\t\t<\/div>\n\t\t\t\t\t<\/div>\n\t\t<\/div>\n\t\t\t\t\t\t<\/div>\n\t\t\t\t<\/div>\n\t\t\t\t\t<\/div>\n\t\t\t\t<\/div>\n\t\t<div class=\"elementor-element elementor-element-9802585 e-flex e-con-boxed e-con e-parent\" data-id=\"9802585\" data-element_type=\"container\">\n\t\t\t\t\t<div class=\"e-con-inner\">\n\t\t\t\t<div class=\"elementor-element elementor-element-2f3e41a elementor-arrows-position-inside elementor-widget elementor-widget-image-carousel\" data-id=\"2f3e41a\" data-element_type=\"widget\" data-settings=\"{&quot;navigation&quot;:&quot;arrows&quot;,&quot;autoplay&quot;:&quot;yes&quot;,&quot;pause_on_hover&quot;:&quot;yes&quot;,&quot;pause_on_interaction&quot;:&quot;yes&quot;,&quot;autoplay_speed&quot;:5000,&quot;infinite&quot;:&quot;yes&quot;,&quot;speed&quot;:500}\" data-widget_type=\"image-carousel.default\">\n\t\t\t\t\t\t\t<div class=\"elementor-image-carousel-wrapper swiper\" role=\"region\" aria-roledescription=\"carousel\" aria-label=\"Image Carousel\" dir=\"ltr\">\n\t\t\t<div class=\"elementor-image-carousel swiper-wrapper\" aria-live=\"off\">\n\t\t\t\t\t\t\t\t<div class=\"swiper-slide\" role=\"group\" aria-roledescription=\"slide\" aria-label=\"1 sur 12\"><figure class=\"swiper-slide-inner\"><img decoding=\"async\" class=\"swiper-slide-image\" src=\"https:\/\/chezpepemerle.fr\/wp-content\/uploads\/2026\/01\/facade-ave-republique-225x300.jpg\" alt=\"facade ave r\u00e9publique\" \/><\/figure><\/div><div class=\"swiper-slide\" role=\"group\" aria-roledescription=\"slide\" aria-label=\"2 sur 12\"><figure class=\"swiper-slide-inner\"><img decoding=\"async\" class=\"swiper-slide-image\" src=\"https:\/\/chezpepemerle.fr\/wp-content\/uploads\/2026\/01\/LA-FEE-VERTE-300x300.png\" alt=\"LA FEE VERTE\" \/><\/figure><\/div><div class=\"swiper-slide\" role=\"group\" aria-roledescription=\"slide\" aria-label=\"3 sur 12\"><figure class=\"swiper-slide-inner\"><img decoding=\"async\" class=\"swiper-slide-image\" src=\"https:\/\/chezpepemerle.fr\/wp-content\/uploads\/2026\/01\/metro-pere-lachaise-1-225x300.jpg\" alt=\"metro p\u00e8re lachaise 1\" \/><\/figure><\/div><div class=\"swiper-slide\" role=\"group\" aria-roledescription=\"slide\" aria-label=\"4 sur 12\"><figure class=\"swiper-slide-inner\"><img decoding=\"async\" class=\"swiper-slide-image\" src=\"https:\/\/chezpepemerle.fr\/wp-content\/uploads\/2026\/01\/aligre-3-300x300.png\" alt=\"aligre 3\" \/><\/figure><\/div><div class=\"swiper-slide\" role=\"group\" aria-roledescription=\"slide\" aria-label=\"5 sur 12\"><figure class=\"swiper-slide-inner\"><img decoding=\"async\" class=\"swiper-slide-image\" src=\"https:\/\/chezpepemerle.fr\/wp-content\/uploads\/2026\/01\/ESCALIER-IMMEUBLE-225x300.jpg\" alt=\"ESCALIER IMMEUBLE\" \/><\/figure><\/div><div class=\"swiper-slide\" role=\"group\" aria-roledescription=\"slide\" aria-label=\"6 sur 12\"><figure class=\"swiper-slide-inner\"><img decoding=\"async\" class=\"swiper-slide-image\" src=\"https:\/\/chezpepemerle.fr\/wp-content\/uploads\/2026\/01\/usine-edf-parmentier-1-225x300.jpg\" alt=\"usine edf parmentier 1\" \/><\/figure><\/div><div class=\"swiper-slide\" role=\"group\" aria-roledescription=\"slide\" aria-label=\"7 sur 12\"><figure class=\"swiper-slide-inner\"><img decoding=\"async\" class=\"swiper-slide-image\" src=\"https:\/\/chezpepemerle.fr\/wp-content\/uploads\/2026\/01\/vue-de-chez-pepe-2-169x300.jpg\" alt=\"vue de chez p\u00e9p\u00e9 2\" \/><\/figure><\/div><div class=\"swiper-slide\" role=\"group\" aria-roledescription=\"slide\" aria-label=\"8 sur 12\"><figure class=\"swiper-slide-inner\"><img decoding=\"async\" class=\"swiper-slide-image\" src=\"https:\/\/chezpepemerle.fr\/wp-content\/uploads\/2026\/01\/enseigne-gana-roquette-225x300.jpg\" alt=\"enseigne gana roquette\" \/><\/figure><\/div><div class=\"swiper-slide\" role=\"group\" aria-roledescription=\"slide\" aria-label=\"9 sur 12\"><figure class=\"swiper-slide-inner\"><img decoding=\"async\" class=\"swiper-slide-image\" src=\"https:\/\/chezpepemerle.fr\/wp-content\/uploads\/2026\/01\/RUE-DECHARONNE-225x300.jpg\" alt=\"RUE DECHARONNE\" \/><\/figure><\/div><div class=\"swiper-slide\" role=\"group\" aria-roledescription=\"slide\" aria-label=\"10 sur 12\"><figure class=\"swiper-slide-inner\"><img decoding=\"async\" class=\"swiper-slide-image\" src=\"https:\/\/chezpepemerle.fr\/wp-content\/uploads\/2026\/01\/place-de-la-republique-225x300.jpg\" alt=\"place de la r\u00e9publique\" \/><\/figure><\/div><div class=\"swiper-slide\" role=\"group\" aria-roledescription=\"slide\" aria-label=\"11 sur 12\"><figure class=\"swiper-slide-inner\"><img decoding=\"async\" class=\"swiper-slide-image\" src=\"https:\/\/chezpepemerle.fr\/wp-content\/uploads\/2026\/01\/plaque-rue-300x225.jpg\" alt=\"plaque rue\" \/><\/figure><\/div><div class=\"swiper-slide\" role=\"group\" aria-roledescription=\"slide\" aria-label=\"12 sur 12\"><figure class=\"swiper-slide-inner\"><img decoding=\"async\" class=\"swiper-slide-image\" src=\"https:\/\/chezpepemerle.fr\/wp-content\/uploads\/2026\/01\/PERE-LACHAISE-300x300.png\" alt=\"PERE LACHAISE\" \/><\/figure><\/div>\t\t\t<\/div>\n\t\t\t\t\t\t\t\t\t\t\t\t<div class=\"elementor-swiper-button elementor-swiper-button-prev\" role=\"button\" tabindex=\"0\">\n\t\t\t\t\t\t<svg aria-hidden=\"true\" class=\"e-font-icon-svg e-eicon-chevron-left\" viewbox=\"0 0 1000 1000\" xmlns=\"http:\/\/www.w3.org\/2000\/svg\"><path d=\"M646 125C629 125 613 133 604 142L308 442C296 454 292 471 292 487 292 504 296 521 308 533L604 854C617 867 629 875 646 875 663 875 679 871 692 858 704 846 713 829 713 812 713 796 708 779 692 767L438 487 692 225C700 217 708 204 708 187 708 171 704 154 692 142 675 129 663 125 646 125Z\"><\/path><\/svg>\t\t\t\t\t<\/div>\n\t\t\t\t\t<div class=\"elementor-swiper-button elementor-swiper-button-next\" role=\"button\" tabindex=\"0\">\n\t\t\t\t\t\t<svg aria-hidden=\"true\" class=\"e-font-icon-svg e-eicon-chevron-right\" viewbox=\"0 0 1000 1000\" xmlns=\"http:\/\/www.w3.org\/2000\/svg\"><path d=\"M696 533C708 521 713 504 713 487 713 471 708 454 696 446L400 146C388 133 375 125 354 125 338 125 325 129 313 142 300 154 292 171 292 187 292 204 296 221 308 233L563 492 304 771C292 783 288 800 288 817 288 833 296 850 308 863 321 871 338 875 354 875 371 875 388 867 400 854L696 533Z\"><\/path><\/svg>\t\t\t\t\t<\/div>\n\t\t\t\t\n\t\t\t\t\t\t\t\t\t<\/div>\n\t\t\t\t\t\t<\/div>\n\t\t\t\t\t<\/div>\n\t\t\t\t<\/div>\n\t\t\t\t<\/div>","protected":false},"excerpt":{"rendered":"<p>Vivez Paris comme un parisien D\u00e9couvrez le charme authentique du 11e arrondissement de Paris \u00c0 Paris, il existe un quartier o\u00f9 l\u2019on d\u00e9couvre une ville vivante, accueillante et cr\u00e9ative : le 11e arrondissement. Loin des circuits touristiques classiques, il incarne l\u2019\u00e2me du vrai Paris, celui des terrasses anim\u00e9es, des passages cach\u00e9s, des th\u00e9\u00e2tres de quartier, [&hellip;]<\/p>","protected":false},"author":1,"featured_media":0,"parent":0,"menu_order":0,"comment_status":"closed","ping_status":"closed","template":"","meta":{"footnotes":""},"class_list":["post-1149","page","type-page","status-publish","hentry"],"_links":{"self":[{"href":"https:\/\/chezpepemerle.fr\/en\/wp-json\/wp\/v2\/pages\/1149","targetHints":{"allow":["GET"]}}],"collection":[{"href":"https:\/\/chezpepemerle.fr\/en\/wp-json\/wp\/v2\/pages"}],"about":[{"href":"https:\/\/chezpepemerle.fr\/en\/wp-json\/wp\/v2\/types\/page"}],"author":[{"embeddable":true,"href":"https:\/\/chezpepemerle.fr\/en\/wp-json\/wp\/v2\/users\/1"}],"replies":[{"embeddable":true,"href":"https:\/\/chezpepemerle.fr\/en\/wp-json\/wp\/v2\/comments?post=1149"}],"version-history":[{"count":64,"href":"https:\/\/chezpepemerle.fr\/en\/wp-json\/wp\/v2\/pages\/1149\/revisions"}],"predecessor-version":[{"id":2504,"href":"https:\/\/chezpepemerle.fr\/en\/wp-json\/wp\/v2\/pages\/1149\/revisions\/2504"}],"wp:attachment":[{"href":"https:\/\/chezpepemerle.fr\/en\/wp-json\/wp\/v2\/media?parent=1149"}],"curies":[{"name":"wp","href":"https:\/\/api.w.org\/{rel}","templated":true}]}}