{"id":1147,"date":"2025-11-22T08:54:39","date_gmt":"2025-11-22T08:54:39","guid":{"rendered":"http:\/\/rfprmrm.cluster100.hosting.ovh.net\/?page_id=1147"},"modified":"2026-03-08T10:13:03","modified_gmt":"2026-03-08T10:13:03","slug":"lhistoire","status":"publish","type":"page","link":"https:\/\/chezpepemerle.fr\/en\/lhistoire\/","title":{"rendered":"L&rsquo;histoire"},"content":{"rendered":"<div data-elementor-type=\"wp-page\" data-elementor-id=\"1147\" class=\"elementor elementor-1147\">\n\t\t\t\t<div class=\"elementor-element elementor-element-8e8348c animated-slow e-flex e-con-boxed elementor-invisible e-con e-parent\" data-id=\"8e8348c\" data-element_type=\"container\" data-settings=\"{&quot;animation&quot;:&quot;fadeIn&quot;}\">\n\t\t\t\t\t<div class=\"e-con-inner\">\n\t\t<div class=\"elementor-element elementor-element-f37031c e-con-full e-flex e-con e-child\" data-id=\"f37031c\" data-element_type=\"container\">\n\t\t\t\t<div class=\"elementor-element elementor-element-7b6b501 elementor-widget elementor-widget-cta\" data-id=\"7b6b501\" data-element_type=\"widget\" data-settings=\"{&quot;cta_position&quot;:&quot;column&quot;,&quot;primary_button_shape&quot;:&quot;sharp&quot;,&quot;layout_preset&quot;:&quot;streamline&quot;,&quot;content_alignment&quot;:&quot;start&quot;,&quot;content_alignment_tablet&quot;:&quot;center&quot;,&quot;content_alignment_mobile&quot;:&quot;center&quot;,&quot;cta_width&quot;:&quot;default&quot;,&quot;box_shape&quot;:&quot;sharp&quot;}\" data-widget_type=\"cta.default\">\n\t\t\t\t<div class=\"elementor-widget-container\">\n\t\t\t\t\t\t\t<div class=\"has-shape-sharp shape-type-box ehp-cta has-preset-streamline\">\n\t\t\t<div class=\"ehp-cta__overlay\"><\/div>\n\t\t\t<div class=\"ehp-cta__elements-container\">\n\t\t\t\t\t\t<div class=\"ehp-cta__text-container\">\n\t\t\t<h2 class=\"ehp-cta__heading\">The History of No. 131<\/h2><p class=\"ehp-cta__description\">At the origin of it all is Marcel Merle, my great-grandfather, born in Paris in the 19th arrondissement on 26 February 1903, and who passed away on 11 November 1980 in the 11th arrondissement of Paris. I must not forget my great-grandmother Marthe, who of course played an active role in Marcel\u2019s business. Even before him, she had run her own small grocery shop on Rue Stendhal in the 20th arrondissement of Paris. Marcel was something of an \u201cinventive boilermaker worker\u201d, based in the 20th arrondissement on Rue des Rondeaux (this street runs alongside P\u00e8re Lachaise Cemetery), where he lived with his wife Marthe and their two daughters, Simone and Paulette. As his workshop became too small, he moved his family and purchased the VALDO factory, located at 127\u2013129\u2013131 Rue du Chemin Vert in the 11th arrondissement. The factory was in a very poor state when he acquired it in 1946: the previous owners of this foundry had ceased operations in 1936 (probably following the strikes of the Popular Front) and returned to their country of origin, Italy, at the end of the war. At the time, the chimney was at risk of collapsing, and in that post-war period, when materials were scarce, it was dismantled brick by brick so that the materials could be reused elsewhere.<\/p>\t\t<\/div>\n\t\t\t\t\t<div class=\"ehp-cta__ctas-container has-cta-width-default\">\n\t\t\t\t<div class=\"ehp-cta__buttons-wrapper\">\n\t\t\t\t\t\t\t\t\t\t\t\t\t\t<\/div>\n\t\t\t<\/div>\n\t\t\t\t\t<\/div>\n\t\t<\/div>\n\t\t\t\t\t\t<\/div>\n\t\t\t\t<\/div>\n\t\t\t\t<\/div>\n\t\t<div class=\"elementor-element elementor-element-b3d18e4 e-con-full e-flex e-con e-child\" data-id=\"b3d18e4\" data-element_type=\"container\">\n\t\t\t\t<div class=\"elementor-element elementor-element-d35cb44 elementor-widget elementor-widget-image\" data-id=\"d35cb44\" data-element_type=\"widget\" data-widget_type=\"image.default\">\n\t\t\t\t\t\t\t\t\t\t\t\t\t\t\t<img fetchpriority=\"high\" decoding=\"async\" width=\"220\" height=\"290\" src=\"https:\/\/chezpepemerle.fr\/wp-content\/uploads\/2026\/01\/1602541519251.jpg\" class=\"attachment-large size-large wp-image-1639\" alt=\"\" srcset=\"https:\/\/chezpepemerle.fr\/wp-content\/uploads\/2026\/01\/1602541519251.jpg 220w, https:\/\/chezpepemerle.fr\/wp-content\/uploads\/2026\/01\/1602541519251-9x12.jpg 9w\" sizes=\"(max-width: 220px) 100vw, 220px\" \/>\t\t\t\t\t\t\t\t\t\t\t\t\t\t\t<\/div>\n\t\t\t\t<\/div>\n\t\t\t\t\t<\/div>\n\t\t\t\t<\/div>\n\t\t<div class=\"elementor-element elementor-element-cfb70cc animated-slow e-flex e-con-boxed elementor-invisible e-con e-parent\" data-id=\"cfb70cc\" data-element_type=\"container\" data-settings=\"{&quot;animation&quot;:&quot;fadeIn&quot;}\">\n\t\t\t\t\t<div class=\"e-con-inner\">\n\t\t<div class=\"elementor-element elementor-element-1a093b2 e-con-full e-flex e-con e-child\" data-id=\"1a093b2\" data-element_type=\"container\">\n\t\t\t\t<div class=\"elementor-element elementor-element-e0d3c98 elementor-widget elementor-widget-text-editor\" data-id=\"e0d3c98\" data-element_type=\"widget\" data-widget_type=\"text-editor.default\">\n\t\t\t\t\t\t\t\t\t<p><span style=\"white-space-collapse: preserve;\">The MERLE boilermaking workshop operated until 1986. It produced refrigerators, hot water tanks and many other products required to meet the ever-growing demand for post-war comfort. But P\u00e9p\u00e9 Merle also manufactured the first machines used to bleach paper pulp, cable cars for ski resorts (notably Serre Chevalier), the first road marking line machine (a patent never filed or exploited by Marcel\u2026), as well as cabinets designed to house the first IBM computers.<\/span><\/p>\t\t\t\t\t\t\t\t<\/div>\n\t\t\t\t<\/div>\n\t\t<div class=\"elementor-element elementor-element-87d830f e-con-full e-flex e-con e-child\" data-id=\"87d830f\" data-element_type=\"container\">\n\t\t\t\t<div class=\"elementor-element elementor-element-7167951 elementor-widget elementor-widget-image\" data-id=\"7167951\" data-element_type=\"widget\" data-widget_type=\"image.default\">\n\t\t\t\t\t\t\t\t\t\t\t\t\t\t\t<img decoding=\"async\" width=\"280\" height=\"198\" src=\"https:\/\/chezpepemerle.fr\/wp-content\/uploads\/2026\/01\/1602541525213.jpg\" class=\"attachment-large size-large wp-image-1638\" alt=\"\" srcset=\"https:\/\/chezpepemerle.fr\/wp-content\/uploads\/2026\/01\/1602541525213.jpg 280w, https:\/\/chezpepemerle.fr\/wp-content\/uploads\/2026\/01\/1602541525213-18x12.jpg 18w\" sizes=\"(max-width: 280px) 100vw, 280px\" \/>\t\t\t\t\t\t\t\t\t\t\t\t\t\t\t<\/div>\n\t\t\t\t<\/div>\n\t\t\t\t\t<\/div>\n\t\t\t\t<\/div>\n\t\t<div class=\"elementor-element elementor-element-a56125a e-flex e-con-boxed e-con e-parent\" data-id=\"a56125a\" data-element_type=\"container\">\n\t\t\t\t\t<div class=\"e-con-inner\">\n\t\t<div class=\"elementor-element elementor-element-603b99e animated-slow e-con-full e-flex elementor-invisible e-con e-child\" data-id=\"603b99e\" data-element_type=\"container\" data-settings=\"{&quot;animation&quot;:&quot;fadeIn&quot;}\">\n\t\t<div class=\"elementor-element elementor-element-cdd9dfe e-con-full e-flex e-con e-child\" data-id=\"cdd9dfe\" data-element_type=\"container\">\n\t\t\t\t<div class=\"elementor-element elementor-element-7484d5f elementor-widget elementor-widget-cta\" data-id=\"7484d5f\" data-element_type=\"widget\" data-settings=\"{&quot;cta_position&quot;:&quot;column&quot;,&quot;primary_button_shape&quot;:&quot;sharp&quot;,&quot;layout_preset&quot;:&quot;streamline&quot;,&quot;content_alignment&quot;:&quot;start&quot;,&quot;content_alignment_tablet&quot;:&quot;center&quot;,&quot;content_alignment_mobile&quot;:&quot;center&quot;,&quot;cta_width&quot;:&quot;default&quot;,&quot;box_shape&quot;:&quot;sharp&quot;}\" data-widget_type=\"cta.default\">\n\t\t\t\t<div class=\"elementor-widget-container\">\n\t\t\t\t\t\t\t<div class=\"has-shape-sharp shape-type-box ehp-cta has-preset-streamline\">\n\t\t\t<div class=\"ehp-cta__overlay\"><\/div>\n\t\t\t<div class=\"ehp-cta__elements-container\">\n\t\t\t\t\t\t<div class=\"ehp-cta__text-container\">\n\t\t\t<p class=\"ehp-cta__description\">Having become too small, polluting and noisy for its Parisian surroundings, the factory closed its doors in 1986. However, the activity was taken over by the industrial group ASEDEC and relocated to the suburbs, in Noisy-le-Grand. A second life then began for this former industrial site: concerned about managing the boilermaking workshop alone, my great-grandmother had already started, as early as 1956\/57, to build a small garage to run a parking service. Paulette MERLE and her husband Bernard GISI, a RENAULT agent\u2014selling new cars, repairs, bodywork, a petrol station and parking\u2014occupied the former factory space until 2006. Today, part of the garage remains on the ground floor of No. 131, and the two front buildings are the only remnants of that bygone era. New residential buildings have since been constructed on the former factory site. The entire space is now dedicated to housing, and there is no longer any trace of its industrial past\u2014the 11th arrondissement is no longer \u201cthe little factory of Paris\u201d.<\/p>\t\t<\/div>\n\t\t\t\t\t<div class=\"ehp-cta__ctas-container has-cta-width-default\">\n\t\t\t\t<div class=\"ehp-cta__buttons-wrapper\">\n\t\t\t\t\t\t\t\t\t\t\t\t\t\t<\/div>\n\t\t\t<\/div>\n\t\t\t\t\t<\/div>\n\t\t<\/div>\n\t\t\t\t\t\t<\/div>\n\t\t\t\t<\/div>\n\t\t\t\t<\/div>\n\t\t<div class=\"elementor-element elementor-element-9ccdcc1 e-con-full e-flex e-con e-child\" data-id=\"9ccdcc1\" data-element_type=\"container\">\n\t\t\t\t<div class=\"elementor-element elementor-element-3240a01 elementor-widget elementor-widget-image\" data-id=\"3240a01\" data-element_type=\"widget\" data-widget_type=\"image.default\">\n\t\t\t\t\t\t\t\t\t\t\t\t\t\t\t<img decoding=\"async\" width=\"280\" height=\"207\" src=\"https:\/\/chezpepemerle.fr\/wp-content\/uploads\/2026\/01\/160254152966.jpg\" class=\"attachment-large size-large wp-image-1637\" alt=\"\" srcset=\"https:\/\/chezpepemerle.fr\/wp-content\/uploads\/2026\/01\/160254152966.jpg 280w, https:\/\/chezpepemerle.fr\/wp-content\/uploads\/2026\/01\/160254152966-16x12.jpg 16w\" sizes=\"(max-width: 280px) 100vw, 280px\" \/>\t\t\t\t\t\t\t\t\t\t\t\t\t\t\t<\/div>\n\t\t\t\t<\/div>\n\t\t\t\t<\/div>\n\t\t\t\t\t<\/div>\n\t\t\t\t<\/div>\n\t\t\t\t<\/div>","protected":false},"excerpt":{"rendered":"<p>L&rsquo;histoire du 131 \u00c0 l\u2019origine de tout il y a Marcel Merle, mon arri\u00e8re-grand-p\u00e8re; n\u00e9 \u00e0 Paris dans le 19\u00e8me arrondissement le 26 f\u00e9vrier 1903 et disparu le 11 novembre 1980 \u00e0 Paris 11\u00e8me arrondissement. Je n\u2019oublie pas mon arri\u00e8re-grand-m\u00e8re Marthe qui a bien entendu contribu\u00e9e de fa\u00e7on active aux affaires de Marcel. Elle avait [&hellip;]<\/p>","protected":false},"author":1,"featured_media":0,"parent":0,"menu_order":0,"comment_status":"closed","ping_status":"closed","template":"","meta":{"footnotes":""},"class_list":["post-1147","page","type-page","status-publish","hentry"],"_links":{"self":[{"href":"https:\/\/chezpepemerle.fr\/en\/wp-json\/wp\/v2\/pages\/1147","targetHints":{"allow":["GET"]}}],"collection":[{"href":"https:\/\/chezpepemerle.fr\/en\/wp-json\/wp\/v2\/pages"}],"about":[{"href":"https:\/\/chezpepemerle.fr\/en\/wp-json\/wp\/v2\/types\/page"}],"author":[{"embeddable":true,"href":"https:\/\/chezpepemerle.fr\/en\/wp-json\/wp\/v2\/users\/1"}],"replies":[{"embeddable":true,"href":"https:\/\/chezpepemerle.fr\/en\/wp-json\/wp\/v2\/comments?post=1147"}],"version-history":[{"count":136,"href":"https:\/\/chezpepemerle.fr\/en\/wp-json\/wp\/v2\/pages\/1147\/revisions"}],"predecessor-version":[{"id":2477,"href":"https:\/\/chezpepemerle.fr\/en\/wp-json\/wp\/v2\/pages\/1147\/revisions\/2477"}],"wp:attachment":[{"href":"https:\/\/chezpepemerle.fr\/en\/wp-json\/wp\/v2\/media?parent=1147"}],"curies":[{"name":"wp","href":"https:\/\/api.w.org\/{rel}","templated":true}]}}