{"id":1104,"date":"2025-11-16T17:27:38","date_gmt":"2025-11-16T17:27:38","guid":{"rendered":"http:\/\/rfprmrm.cluster100.hosting.ovh.net\/?page_id=1104"},"modified":"2026-02-22T12:01:16","modified_gmt":"2026-02-22T12:01:16","slug":"bienvenue-chez-pepe-tout-savoir-avant-de-reserver","status":"publish","type":"page","link":"https:\/\/chezpepemerle.fr\/en\/bienvenue-chez-pepe-tout-savoir-avant-de-reserver\/","title":{"rendered":"Bienvenue chez P\u00e9p\u00e9 : Tout savoir avant de r\u00e9server"},"content":{"rendered":"<div data-elementor-type=\"wp-page\" data-elementor-id=\"1104\" class=\"elementor elementor-1104\">\n\t\t\t\t<div class=\"elementor-element elementor-element-328b834 e-flex e-con-boxed elementor-invisible e-con e-parent\" data-id=\"328b834\" data-element_type=\"container\" data-settings=\"{&quot;animation&quot;:&quot;fadeInUp&quot;}\">\n\t\t\t\t\t<div class=\"e-con-inner\">\n\t\t\t\t<div class=\"elementor-element elementor-element-9825622 animated-slow elementor-invisible elementor-widget elementor-widget-image\" data-id=\"9825622\" data-element_type=\"widget\" data-settings=\"{&quot;_animation&quot;:&quot;fadeInUp&quot;}\" data-widget_type=\"image.default\">\n\t\t\t\t\t\t\t\t\t\t\t\t\t\t\t<img fetchpriority=\"high\" decoding=\"async\" width=\"800\" height=\"282\" src=\"https:\/\/chezpepemerle.fr\/wp-content\/uploads\/2026\/01\/TOITS1-TEST-1024x361.png\" class=\"attachment-large size-large wp-image-1686\" alt=\"\" srcset=\"https:\/\/chezpepemerle.fr\/wp-content\/uploads\/2026\/01\/TOITS1-TEST-1024x361.png 1024w, https:\/\/chezpepemerle.fr\/wp-content\/uploads\/2026\/01\/TOITS1-TEST-300x106.png 300w, https:\/\/chezpepemerle.fr\/wp-content\/uploads\/2026\/01\/TOITS1-TEST-768x271.png 768w, https:\/\/chezpepemerle.fr\/wp-content\/uploads\/2026\/01\/TOITS1-TEST-1536x542.png 1536w, https:\/\/chezpepemerle.fr\/wp-content\/uploads\/2026\/01\/TOITS1-TEST-2048x723.png 2048w, https:\/\/chezpepemerle.fr\/wp-content\/uploads\/2026\/01\/TOITS1-TEST-18x6.png 18w\" sizes=\"(max-width: 800px) 100vw, 800px\" \/>\t\t\t\t\t\t\t\t\t\t\t\t\t\t\t<\/div>\n\t\t\t\t\t<\/div>\n\t\t\t\t<\/div>\n\t\t<div class=\"elementor-element elementor-element-b4473e1 animated-slow e-flex e-con-boxed elementor-invisible e-con e-parent\" data-id=\"b4473e1\" data-element_type=\"container\" id=\"Chambres\" data-settings=\"{&quot;animation&quot;:&quot;fadeIn&quot;}\">\n\t\t\t\t\t<div class=\"e-con-inner\">\n\t\t<div class=\"elementor-element elementor-element-b9e564a e-con-full e-flex e-con e-child\" data-id=\"b9e564a\" data-element_type=\"container\">\n\t\t\t\t<div class=\"elementor-element elementor-element-f692f1f elementor-widget elementor-widget-cta\" data-id=\"f692f1f\" data-element_type=\"widget\" data-settings=\"{&quot;cta_position&quot;:&quot;column&quot;,&quot;primary_button_shape&quot;:&quot;sharp&quot;,&quot;layout_preset&quot;:&quot;streamline&quot;,&quot;content_alignment&quot;:&quot;start&quot;,&quot;content_alignment_tablet&quot;:&quot;center&quot;,&quot;content_alignment_mobile&quot;:&quot;center&quot;,&quot;cta_width&quot;:&quot;default&quot;,&quot;box_shape&quot;:&quot;sharp&quot;}\" data-widget_type=\"cta.default\">\n\t\t\t\t<div class=\"elementor-widget-container\">\n\t\t\t\t\t\t\t<div class=\"has-shape-sharp shape-type-box ehp-cta has-preset-streamline\">\n\t\t\t<div class=\"ehp-cta__overlay\"><\/div>\n\t\t\t<div class=\"ehp-cta__elements-container\">\n\t\t\t\t\t\t<div class=\"ehp-cta__text-container\">\n\t\t\t<h2 class=\"ehp-cta__heading\">The Essence of a Guest House<\/h2><p class=\"ehp-cta__description\">\nChez P\u00e9p\u00e9 Merle is not an impersonal holiday rental, and even less a soulless hotel. It is a genuine guest house in the heart of Paris. I welcome you with simplicity and warmth in my family apartment, inherited from P\u00e9p\u00e9 Merle, to help you discover Paris in a different way. Here is a glimpse of the services and thoughtful touches available to you.<\/p>\t\t<\/div>\n\t\t\t\t\t<div class=\"ehp-cta__ctas-container has-cta-width-default\">\n\t\t\t\t<div class=\"ehp-cta__buttons-wrapper\">\n\t\t\t\t\t\t\t\t\t\t\t\t\t\t<\/div>\n\t\t\t<\/div>\n\t\t\t\t\t<\/div>\n\t\t<\/div>\n\t\t\t\t\t\t<\/div>\n\t\t\t\t<\/div>\n\t\t\t\t<div class=\"elementor-element elementor-element-6cfc954 elementor-widget elementor-widget-text-editor\" data-id=\"6cfc954\" data-element_type=\"widget\" data-widget_type=\"text-editor.default\">\n\t\t\t\t\t\t\t\t\t<style><span data-mce-type=\"bookmark\" style=\"display: inline-block; width: 0px; overflow: hidden; line-height: 0;\" class=\"mce_SELRES_start\">\ufeff<\/span><span data-mce-type=\"bookmark\" style=\"display: inline-block; width: 0px; overflow: hidden; line-height: 0;\" class=\"mce_SELRES_start\">\ufeff<\/span><br \/>  body {<br \/>    font-family: \"Poppins\", \"Helvetica Neue\", sans-serif;<br \/>    color: #1b1b1b;<br \/>    background-color: #fafafa;<br \/>    padding: 40px;<br \/>  }<\/p>\n<p><span data-mce-type=\"bookmark\" style=\"display: inline-block; width: 0px; overflow: hidden; line-height: 0;\" class=\"mce_SELRES_start\">\ufeff<\/span><\/p>\n<p>  .card {<br \/>    background: #fff;<br \/>    border-radius: 12px;<br \/>    padding: 25px 30px;<br \/>    box-shadow: 0 2px 10px rgba(0,0,0,0.08);<br \/>    margin-bottom: 25px;<br \/>  }<\/p>\n<p>  .section-title {<br \/>    color: #b08b6a;<br \/>    font-size: 18px;<br \/>    font-weight: 600;<br \/>    margin-bottom: 15px;<br \/>    text-transform: uppercase;<br \/>  }<\/p>\n<p>  ul {<br \/>    list-style: none;<br \/>    padding-left: 0;<br \/>    margin: 0;<br \/>  }<\/p>\n<p>  ul li {<br \/>    margin-bottom: 10px;<br \/>    display: flex;<br \/>    align-items: flex-start; \/* \u00e9vite tout d\u00e9calage *\/<br \/>    gap: 12px;<br \/>    color: #222;<br \/>  }<\/p>\n<p>  ul li i {<br \/>    color: #b08b6a;<br \/>    font-size: 16px;<br \/>    width: 20px;<br \/>    text-align: center;<br \/>    margin-top: 3px;<br \/>    flex-shrink: 0;<br \/>  }<\/p>\n<p>  .info {<br \/>    font-size: 15px;<br \/>    line-height: 1.6;<br \/>  }<br \/><\/style>\n<div class=\"card\">\n<div class=\"section-title\">Practical information<\/div>\n<div class=\"info\">\n\n<i class=\"fa-solid fa-clock\"><\/i>\n<strong>Arival :<\/strong> from 5:00 pm to 8:00 pm\n<i class=\"fa-solid fa-door-open\"><\/i>\n<strong>Departure :<\/strong> before 11:00 am. Please inform us in advance of your arrival time, as this is essential for me to welcome you in the best possible conditions. In case of arrival outside these hours, please let us know. A late-night arrival incurs a fee of <strong>18 \u20ac<\/strong> (between 8:00 pm and 9:00 am)\n\n&nbsp;\n\n<i class=\"fa-solid fa-mug-hot\"><\/i>\n<strong>Gourmet breakfast included<\/strong>\nServed from 9:00 am to 10:30 am, made with fresh, locally sourced products. Please inform us in advance of your stay if you have any food allergies.\n\n&nbsp;\n\n<strong><i class=\"fa-solid fa-bed\"><\/i> Your comfort comes first<\/strong>\n<ul>\n \t<li><i class=\"\"><\/i> Elegant room with premium bedding.<\/li>\n \t<li><i class=\"fa-solid fa-bath\"><\/i> Private bathroom with towels, a hairdryer and Vin\u00e9sime toiletries.<\/li>\n \t<li><i class=\"fa-solid fa-wifi\"><\/i> Free unlimited Wi-Fi.<\/li>\n \t<li><i class=\"fa-solid fa-tv\"><\/i> Chromecast TV (except for St Michel).<\/li>\n<\/ul>\n&nbsp;\n\n<strong><i class=\"fa-solid fa-star\"><\/i> The small extras that make all the difference<\/strong>\n<ul>\n \t<li><i class=\"fa-solid fa-baby\"><\/i> Baby kit (crib, bath, stroller) \u2013 \u20ac12\/day<\/li>\n \t<li><i class=\"fa-solid fa-square-parking\"><\/i> Indoor parking available upon request \u2013 \u20ac25\/day<\/li>\n \t<li><i class=\"fa-solid fa-taxi\"><\/i> Taxi \/ private chauffeur to and from the airports (from \u20ac56, please contact us)<\/li>\n \t<li><i class=\"fa-solid fa-shirt\"><\/i> Laundry service available on site (upon request)<\/li>\n \t<li><i class=\"fa-solid fa-heart\"><\/i> Romantic package available as an option<\/li>\n<\/ul>\n&nbsp;\n\n<strong><i class=\"fa-solid fa-map-location-dot\"><\/i> Tailor-made experiences<\/strong>\n\nPastry workshop with a chef, guided tour of P\u00e8re Lachaise, \u201cParisian-style\u201d make-up workshop with Angelik, or sketching the streets of Paris with Evelyne.\n\n<i class=\"fa-solid fa-envelope\"><\/i>\n<a href=\"mailto:bienvenue@chezpepemerle.fr\">bienvenue@chezpepemerle.fr<\/a>\n\n<\/div>\n<\/div>\t\t\t\t\t\t\t\t<\/div>\n\t\t\t\t<\/div>\n\t\t<div class=\"elementor-element elementor-element-a9fdb1c e-con-full e-flex e-con e-child\" data-id=\"a9fdb1c\" data-element_type=\"container\">\n\t\t\t\t<div class=\"elementor-element elementor-element-16335e9 animated-slow elementor-widget-mobile__width-initial elementor-invisible elementor-widget elementor-widget-image\" data-id=\"16335e9\" data-element_type=\"widget\" data-settings=\"{&quot;_animation&quot;:&quot;fadeInUp&quot;}\" data-widget_type=\"image.default\">\n\t\t\t\t\t\t\t\t\t\t\t\t\t\t\t<img decoding=\"async\" width=\"1920\" height=\"2560\" src=\"https:\/\/chezpepemerle.fr\/wp-content\/uploads\/2025\/11\/P1373444-scaled.jpg\" class=\"attachment-full size-full wp-image-1023\" alt=\"\" srcset=\"https:\/\/chezpepemerle.fr\/wp-content\/uploads\/2025\/11\/P1373444-scaled.jpg 1920w, https:\/\/chezpepemerle.fr\/wp-content\/uploads\/2025\/11\/P1373444-225x300.jpg 225w, https:\/\/chezpepemerle.fr\/wp-content\/uploads\/2025\/11\/P1373444-768x1024.jpg 768w, https:\/\/chezpepemerle.fr\/wp-content\/uploads\/2025\/11\/P1373444-1152x1536.jpg 1152w, https:\/\/chezpepemerle.fr\/wp-content\/uploads\/2025\/11\/P1373444-1536x2048.jpg 1536w\" sizes=\"(max-width: 1920px) 100vw, 1920px\" \/>\t\t\t\t\t\t\t\t\t\t\t\t\t\t\t<\/div>\n\t\t\t\t<div class=\"elementor-element elementor-element-b6a0861 elementor-widget-mobile__width-initial animated-slow elementor-invisible elementor-widget elementor-widget-image\" data-id=\"b6a0861\" data-element_type=\"widget\" data-settings=\"{&quot;_animation&quot;:&quot;fadeInRight&quot;}\" data-widget_type=\"image.default\">\n\t\t\t\t\t\t\t\t\t\t\t\t\t\t\t<img decoding=\"async\" width=\"1920\" height=\"2560\" src=\"https:\/\/chezpepemerle.fr\/wp-content\/uploads\/2026\/01\/CHEZ-PEPE-MERLE-METRO-PL-1-scaled.jpg\" class=\"attachment-full size-full wp-image-1747\" alt=\"\" srcset=\"https:\/\/chezpepemerle.fr\/wp-content\/uploads\/2026\/01\/CHEZ-PEPE-MERLE-METRO-PL-1-scaled.jpg 1920w, https:\/\/chezpepemerle.fr\/wp-content\/uploads\/2026\/01\/CHEZ-PEPE-MERLE-METRO-PL-1-225x300.jpg 225w, https:\/\/chezpepemerle.fr\/wp-content\/uploads\/2026\/01\/CHEZ-PEPE-MERLE-METRO-PL-1-768x1024.jpg 768w, https:\/\/chezpepemerle.fr\/wp-content\/uploads\/2026\/01\/CHEZ-PEPE-MERLE-METRO-PL-1-1152x1536.jpg 1152w, https:\/\/chezpepemerle.fr\/wp-content\/uploads\/2026\/01\/CHEZ-PEPE-MERLE-METRO-PL-1-1536x2048.jpg 1536w, https:\/\/chezpepemerle.fr\/wp-content\/uploads\/2026\/01\/CHEZ-PEPE-MERLE-METRO-PL-1-9x12.jpg 9w\" sizes=\"(max-width: 1920px) 100vw, 1920px\" \/>\t\t\t\t\t\t\t\t\t\t\t\t\t\t\t<\/div>\n\t\t\t\t<\/div>\n\t\t\t\t\t<\/div>\n\t\t\t\t<\/div>\n\t\t\t\t<\/div>","protected":false},"excerpt":{"rendered":"<p>L\u2019Esprit Maison d\u2019h\u00f4tes Chez P\u00e9p\u00e9 Merle n\u2019est pas un meubl\u00e9 touristique impersonnel et encore moins un h\u00f4tel sans \u00e2me, c\u2019est une v\u00e9ritable maison d\u2019h\u00f4tes au c\u0153ur de Paris. Je vous re\u00e7ois avec simplicit\u00e9 et convivialit\u00e9, dans mon appartement familial h\u00e9rit\u00e9 de P\u00e9p\u00e9 Merle pour vous faire d\u00e9couvrir Paris autrement. Voici un aper\u00e7u des services et [&hellip;]<\/p>","protected":false},"author":1,"featured_media":0,"parent":0,"menu_order":0,"comment_status":"closed","ping_status":"closed","template":"elementor_header_footer","meta":{"footnotes":""},"class_list":["post-1104","page","type-page","status-publish","hentry"],"_links":{"self":[{"href":"https:\/\/chezpepemerle.fr\/en\/wp-json\/wp\/v2\/pages\/1104","targetHints":{"allow":["GET"]}}],"collection":[{"href":"https:\/\/chezpepemerle.fr\/en\/wp-json\/wp\/v2\/pages"}],"about":[{"href":"https:\/\/chezpepemerle.fr\/en\/wp-json\/wp\/v2\/types\/page"}],"author":[{"embeddable":true,"href":"https:\/\/chezpepemerle.fr\/en\/wp-json\/wp\/v2\/users\/1"}],"replies":[{"embeddable":true,"href":"https:\/\/chezpepemerle.fr\/en\/wp-json\/wp\/v2\/comments?post=1104"}],"version-history":[{"count":49,"href":"https:\/\/chezpepemerle.fr\/en\/wp-json\/wp\/v2\/pages\/1104\/revisions"}],"predecessor-version":[{"id":2223,"href":"https:\/\/chezpepemerle.fr\/en\/wp-json\/wp\/v2\/pages\/1104\/revisions\/2223"}],"wp:attachment":[{"href":"https:\/\/chezpepemerle.fr\/en\/wp-json\/wp\/v2\/media?parent=1104"}],"curies":[{"name":"wp","href":"https:\/\/api.w.org\/{rel}","templated":true}]}}